{"id":105,"date":"2019-07-29T11:28:10","date_gmt":"2019-07-29T09:28:10","guid":{"rendered":"http:\/\/devel.k-copy.cz\/?page_id=105"},"modified":"2025-06-10T14:03:54","modified_gmt":"2025-06-10T12:03:54","slug":"potisk-predmetu","status":"publish","type":"page","link":"https:\/\/k-copy.cz\/?page_id=105","title":{"rendered":"POTISK P\u0158EDM\u011aT\u016e"},"content":{"rendered":"\r\n<p style=\"text-align: justify;\">Potisk reklamn\u00edch p\u0159edm\u011bt\u016f pro firemn\u00ed i rodinn\u00e9 pot\u0159eby. Vhodn\u00e9 jako origin\u00e1ln\u00ed d\u00e1rky nebo pro prezenta\u010dn\u00ed a reklamn\u00ed \u00fa\u010dely. V\u0161echny termo potisky prov\u00e1d\u00edme na plo\u0161n\u00e9m termolisu\u00a0<strong>SCHULZE PICOLLO PLUS<\/strong> s pracovn\u00ed plochou 25\u00d735 cm, nastavitelnou teplotou a p\u0159\u00edtlakem pro r\u016fzn\u00e9 druhy materi\u00e1lu. Hrne\u010dky se potiskuj\u00ed na speci\u00e1ln\u00edm termolisu <strong>BOXER PLUS<\/strong>. P\u0159en\u00e1\u0161et lze jak\u00e9koli plnobarevn\u00e9 motivy vyti\u0161t\u011bn\u00e9 na f\u00f3lie nebo plotrem vy\u0159ezanou f\u00f3liovou grafiku.<\/p>\r\n\r\n\r\n\r\n<h2 class=\"wp-block-heading\">Cen\u00edk &#8211; POTISK P\u0158EDM\u011aT\u016e &#8211; reklamn\u00ed, propaga\u010dn\u00ed a d\u00e1rkov\u00e9 potisky<\/h2>\r\n\r\n\r\n\r\n\n<table id=\"tablepress-13\" class=\"tablepress tablepress-id-13\">\n<thead>\n<tr class=\"row-1\">\n\t<th class=\"column-1\">Druh, popis<\/th><th class=\"column-2\">Cena<\/th><th class=\"column-3\">Druh, popis<\/th><th class=\"column-4\">Cena<\/th>\n<\/tr>\n<\/thead>\n<tbody class=\"row-striping row-hover\">\n<tr class=\"row-2\">\n\t<td class=\"column-1\">tri\u010dko b\u00edl\u00e9<\/td><td class=\"column-2\">169,00 K\u010d<\/td><td class=\"column-3\">tri\u010dko barevn\u00e9<\/td><td class=\"column-4\">219,00 K\u010d<\/td>\n<\/tr>\n<tr class=\"row-3\">\n\t<td class=\"column-1\">puzzle A4 (96 d\u00edlk\u016f)<\/td><td class=\"column-2\">169,00 K\u010d<\/td><td class=\"column-3\">podlo\u017eka pod my\u0161<\/td><td class=\"column-4\">219,00 K\u010d<\/td>\n<\/tr>\n<tr class=\"row-4\">\n\t<td class=\"column-1\">pol\u0161t\u00e1\u0159 40 x 40 cm<\/td><td class=\"column-2\">269,00 K\u010d<\/td><td class=\"column-3\">pol\u0161t\u00e1\u0159 \"srdce\"<\/td><td class=\"column-4\">299,00 K\u010d<\/td>\n<\/tr>\n<tr class=\"row-5\">\n\t<td class=\"column-1\">pl\u00e1t\u011bn\u00e1 ta\u0161ka<\/td><td class=\"column-2\">209,00 K\u010d<\/td><td class=\"column-3\">d\u011btsk\u00fd brynd\u00e1k<\/td><td class=\"column-4\">189,00 K\u010d<\/td>\n<\/tr>\n<tr class=\"row-6\">\n\t<td class=\"column-1\">kuchy\u0148sk\u00e1 ch\u0148apka<\/td><td class=\"column-2\">159,00 K\u010d<\/td><td class=\"column-3\">kuchy\u0148sk\u00e1 z\u00e1st\u011bra<\/td><td class=\"column-4\">219,00 K\u010d<\/td>\n<\/tr>\n<tr class=\"row-7\">\n\t<td class=\"column-1\">hodiny<\/td><td class=\"column-2\">259,00 K\u010d<\/td><td class=\"column-3\"><\/td><td class=\"column-4\"><\/td>\n<\/tr>\n<\/tbody>\n<\/table>\n<!-- #tablepress-13 from cache -->\r\n\r\n\r\n\r\n\n<table id=\"tablepress-31\" class=\"tablepress tablepress-id-31 tbody-has-connected-cells\">\n<thead>\n<tr class=\"row-1\">\n\t<th colspan=\"2\" class=\"column-1\">Dopl\u0148kov\u00e9 ceny a p\u0159\u00edplatky<\/th><th colspan=\"2\" class=\"column-3\">ceny neobsahuj\u00ed DPH, sazba bude p\u0159ipo\u010dtena v z\u00e1konn\u00e9 v\u00fd\u0161i<\/th>\n<\/tr>\n<\/thead>\n<tbody class=\"row-striping row-hover\">\n<tr class=\"row-2\">\n\t<td class=\"column-1\">textil - extra lisov\u00e1n\u00ed<\/td><td class=\"column-2\">50,00 K\u010d<\/td><td colspan=\"2\" class=\"column-3\">cena potisku tri\u010dek je za plochu velikosti form\u00e1tu cca A4<\/td>\n<\/tr>\n<tr class=\"row-3\">\n\t<td class=\"column-1\">n\u00e1vrh, sazba, edita\u010dn\u00ed pr\u00e1ce<\/td><td class=\"column-2\">12,00 K\u010d \/ minuta<\/td><td colspan=\"2\" class=\"column-3\">potisk tri\u010dek se prov\u00e1d\u00ed termolisem poti\u0161t\u011bnou termosublima\u010dn\u00ed f\u00f3li\u00ed <\/td>\n<\/tr>\n<tr class=\"row-4\">\n\t<td colspan=\"2\" class=\"column-1\"><\/td><td colspan=\"2\" class=\"column-3\">nebo grafikou vy\u0159ezanou plotrem s mo\u017enost\u00ed \"semi\u0161ov\u00e9\" \u00fapravy<\/td>\n<\/tr>\n<\/tbody>\n<\/table>\n<!-- #tablepress-31 from cache -->\r\n","protected":false},"excerpt":{"rendered":"<p>Potisk reklamn\u00edch p\u0159edm\u011bt\u016f pro firemn\u00ed i rodinn\u00e9 pot\u0159eby. Vhodn\u00e9 jako origin\u00e1ln\u00ed d\u00e1rky nebo pro prezenta\u010dn\u00ed a reklamn\u00ed \u00fa\u010dely. V\u0161echny termo potisky prov\u00e1d\u00edme na plo\u0161n\u00e9m termolisu\u00a0SCHULZE PICOLLO PLUS s pracovn\u00ed plochou 25\u00d735 cm, nastavitelnou teplotou a p\u0159\u00edtlakem pro r\u016fzn\u00e9 druhy materi\u00e1lu&#8230;.<\/p>\n","protected":false},"author":1,"featured_media":0,"parent":0,"menu_order":0,"comment_status":"closed","ping_status":"closed","template":"","meta":{"footnotes":""},"class_list":["post-105","page","type-page","status-publish","hentry"],"_links":{"self":[{"href":"https:\/\/k-copy.cz\/index.php?rest_route=\/wp\/v2\/pages\/105","targetHints":{"allow":["GET"]}}],"collection":[{"href":"https:\/\/k-copy.cz\/index.php?rest_route=\/wp\/v2\/pages"}],"about":[{"href":"https:\/\/k-copy.cz\/index.php?rest_route=\/wp\/v2\/types\/page"}],"author":[{"embeddable":true,"href":"https:\/\/k-copy.cz\/index.php?rest_route=\/wp\/v2\/users\/1"}],"replies":[{"embeddable":true,"href":"https:\/\/k-copy.cz\/index.php?rest_route=%2Fwp%2Fv2%2Fcomments&post=105"}],"version-history":[{"count":7,"href":"https:\/\/k-copy.cz\/index.php?rest_route=\/wp\/v2\/pages\/105\/revisions"}],"predecessor-version":[{"id":2345,"href":"https:\/\/k-copy.cz\/index.php?rest_route=\/wp\/v2\/pages\/105\/revisions\/2345"}],"wp:attachment":[{"href":"https:\/\/k-copy.cz\/index.php?rest_route=%2Fwp%2Fv2%2Fmedia&parent=105"}],"curies":[{"name":"wp","href":"https:\/\/api.w.org\/{rel}","templated":true}]}}