{"id":107,"date":"2019-07-29T11:28:23","date_gmt":"2019-07-29T09:28:23","guid":{"rendered":"http:\/\/devel.k-copy.cz\/?page_id=107"},"modified":"2021-05-12T08:26:37","modified_gmt":"2021-05-12T06:26:37","slug":"vyroba-kalendaru","status":"publish","type":"page","link":"https:\/\/k-copy.cz\/?page_id=107","title":{"rendered":"V\u00ddROBA KALEND\u00c1\u0158\u016e"},"content":{"rendered":"\r\n<p style=\"text-align: justify;\">N\u00e1st\u011bnn\u00fd kalend\u00e1\u0159 je vhodn\u00fdm d\u00e1rkem nebo prezenta\u010dn\u00edm p\u0159edm\u011btem. Vyrob\u00edme ji\u017e od jednoho kusu rodinn\u00e9, firemn\u00ed nebo reklamn\u00ed kalend\u00e1\u0159e ve form\u00e1tech do A3 o 12, 6 nebo 3 listech (m\u011bs\u00ed\u010dn\u00ed, dvoum\u011bs\u00ed\u010dn\u00ed nebo \u010dtvrtletn\u00ed listy), s kalend\u00e1riem, tituln\u00edm listem a zadn\u00edm kartonem. Tiskneme standardn\u011b na b\u00edl\u00fd nat\u00edran\u00fd karton 200 g\/m\u00b2, vazba je h\u0159ebenov\u00e1 se st\u0159edov\u00fdm v\u00fdsekem pro z\u00e1v\u011bs. Kalend\u00e1\u0159ov\u00e9 listy lze pln\u011b ot\u00e1\u010det.<\/p>\r\n\r\n\r\n\r\n<h3 class=\"wp-block-heading\">Cena obsahuje:<\/h3>\r\n\r\n\r\n\r\n<ul class=\"wp-block-list\">\r\n<li>z\u00e1kladn\u00ed sazby kalend\u00e1\u0159e z vybran\u00fdch zdroj\u016f<\/li>\r\n<li>zakomponov\u00e1n\u00ed dodan\u00fdch obr\u00e1zk\u016f<\/li>\r\n<li>tisk kalend\u00e1\u0159e na foto laserov\u00fd kart\u00f3n (po\u010det list\u016f kalend\u00e1\u0159e + tituln\u00ed list)<\/li>\r\n<li>zadn\u00ed kart\u00f3n, v\u00fdsek a fin\u00e1ln\u00ed vazbu<\/li>\r\n<\/ul>\r\n\r\n\r\n\r\n<h2 class=\"wp-block-heading\">Cen\u00edk &#8211; N\u00c1ST\u011aNN\u00c9 KALEND\u00c1\u0158E<\/h2>\r\n\r\n\r\n\r\n\n<table id=\"tablepress-14\" class=\"tablepress tablepress-id-14 tbody-has-connected-cells\">\n<thead>\n<tr class=\"row-1\">\n\t<th class=\"column-1\">Druh \/ Po\u010det ks<\/th><th class=\"column-2\">1 - 4<\/th><th class=\"column-3\">5 - 9<\/th><th class=\"column-4\">10 a v\u00edce<\/th><th class=\"column-5\">Druh \/ Po\u010det ks<\/th><th class=\"column-6\">1 - 4<\/th><th class=\"column-7\">5 - 9<\/th><th class=\"column-8\">10 a v\u00edce<\/th>\n<\/tr>\n<\/thead>\n<tbody class=\"row-striping row-hover\">\n<tr class=\"row-2\">\n\t<td class=\"column-1\">A4 3 + 1 list<\/td><td class=\"column-2\">175,00 K\u010d<\/td><td class=\"column-3\">160,00 K\u010d<\/td><td class=\"column-4\">145,00 K\u010d<\/td><td class=\"column-5\">A3 3 + 1 list<\/td><td class=\"column-6\">320,00 K\u010d<\/td><td class=\"column-7\">295,00 K\u010d<\/td><td class=\"column-8\">270,00 K\u010d<\/td>\n<\/tr>\n<tr class=\"row-3\">\n\t<td class=\"column-1\">A4 6 + 1 list<\/td><td class=\"column-2\">260,00 K\u010d<\/td><td class=\"column-3\">240,00 K\u010d<\/td><td class=\"column-4\">220,00 K\u010d<\/td><td class=\"column-5\">A3 6 + 1 list<\/td><td class=\"column-6\">490,00 K\u010d<\/td><td class=\"column-7\">455,00 K\u010d<\/td><td class=\"column-8\">420,00 K\u010d<\/td>\n<\/tr>\n<tr class=\"row-4\">\n\t<td class=\"column-1\">A4 12 + 1 list<\/td><td class=\"column-2\">490,00 K\u010d<\/td><td class=\"column-3\">460,00 K\u010d<\/td><td class=\"column-4\">420,00 K\u010d<\/td><td class=\"column-5\">A3 12 + 1 list<\/td><td class=\"column-6\">890,00 K\u010d<\/td><td class=\"column-7\">840,00 K\u010d<\/td><td class=\"column-8\">790,00 K\u010d<\/td>\n<\/tr>\n<tr class=\"row-5\">\n\t<td class=\"column-1\">Velkoform\u00e1tov\u00e9<\/td><td colspan=\"7\" class=\"column-2\">dle cen\u00edku velkoform\u00e1tov\u00fdch tisk\u016f<\/td>\n<\/tr>\n<\/tbody>\n<\/table>\n<!-- #tablepress-14 from cache -->\r\n\r\n\r\n\r\n\n<table id=\"tablepress-32\" class=\"tablepress tablepress-id-32 tbody-has-connected-cells\">\n<thead>\n<tr class=\"row-1\">\n\t<th colspan=\"2\" class=\"column-1\">Dopl\u0148kov\u00e9 ceny a p\u0159\u00edplatky<\/th><th colspan=\"2\" class=\"column-3\">ceny neobsahuj\u00ed DPH, sazba bude p\u0159ipo\u010dtena v z\u00e1konn\u00e9 v\u00fd\u0161i<\/th>\n<\/tr>\n<\/thead>\n<tbody class=\"row-striping row-hover\">\n<tr class=\"row-2\">\n\t<td class=\"column-1\">n\u00e1vrh, sazba, edita\u010dn\u00ed pr\u00e1ce<\/td><td class=\"column-2\">12,00 K\u010d \/ minuta<\/td><td class=\"column-3\">speci\u00e1ln\u00ed pap\u00edry<\/td><td class=\"column-4\">ceny a vzorn\u00edk u obsluhy<\/td>\n<\/tr>\n<tr class=\"row-3\">\n\t<td class=\"column-1\">skenov\u00e1n\u00ed podklad\u016f (fotek)<\/td><td class=\"column-2\">dle cen\u00edku skenov\u00e1n\u00ed<\/td><td colspan=\"2\" class=\"column-3\">Pozn\u00e1mky:<\/td>\n<\/tr>\n<tr class=\"row-4\">\n\t<td class=\"column-1\">dal\u0161\u00ed rozm\u011bry a ceny<\/td><td class=\"column-2\">na dotaz u obsluhy<\/td><td colspan=\"2\" class=\"column-3\">na v\u00fdb\u011br \u0159ada \u0161ablon<\/td>\n<\/tr>\n<\/tbody>\n<\/table>\n<!-- #tablepress-32 from cache -->\r\n","protected":false},"excerpt":{"rendered":"<p>N\u00e1st\u011bnn\u00fd kalend\u00e1\u0159 je vhodn\u00fdm d\u00e1rkem nebo prezenta\u010dn\u00edm p\u0159edm\u011btem. Vyrob\u00edme ji\u017e od jednoho kusu rodinn\u00e9, firemn\u00ed nebo reklamn\u00ed kalend\u00e1\u0159e ve form\u00e1tech do A3 o 12, 6 nebo 3 listech (m\u011bs\u00ed\u010dn\u00ed, dvoum\u011bs\u00ed\u010dn\u00ed nebo \u010dtvrtletn\u00ed listy), s kalend\u00e1riem, tituln\u00edm listem a zadn\u00edm kartonem&#8230;.<\/p>\n","protected":false},"author":1,"featured_media":0,"parent":0,"menu_order":0,"comment_status":"closed","ping_status":"closed","template":"","meta":{"footnotes":""},"class_list":["post-107","page","type-page","status-publish","hentry"],"_links":{"self":[{"href":"https:\/\/k-copy.cz\/index.php?rest_route=\/wp\/v2\/pages\/107","targetHints":{"allow":["GET"]}}],"collection":[{"href":"https:\/\/k-copy.cz\/index.php?rest_route=\/wp\/v2\/pages"}],"about":[{"href":"https:\/\/k-copy.cz\/index.php?rest_route=\/wp\/v2\/types\/page"}],"author":[{"embeddable":true,"href":"https:\/\/k-copy.cz\/index.php?rest_route=\/wp\/v2\/users\/1"}],"replies":[{"embeddable":true,"href":"https:\/\/k-copy.cz\/index.php?rest_route=%2Fwp%2Fv2%2Fcomments&post=107"}],"version-history":[{"count":5,"href":"https:\/\/k-copy.cz\/index.php?rest_route=\/wp\/v2\/pages\/107\/revisions"}],"predecessor-version":[{"id":725,"href":"https:\/\/k-copy.cz\/index.php?rest_route=\/wp\/v2\/pages\/107\/revisions\/725"}],"wp:attachment":[{"href":"https:\/\/k-copy.cz\/index.php?rest_route=%2Fwp%2Fv2%2Fmedia&parent=107"}],"curies":[{"name":"wp","href":"https:\/\/api.w.org\/{rel}","templated":true}]}}