{"id":109,"date":"2019-07-29T11:28:40","date_gmt":"2019-07-29T09:28:40","guid":{"rendered":"http:\/\/devel.k-copy.cz\/?page_id=109"},"modified":"2021-05-12T08:20:31","modified_gmt":"2021-05-12T06:20:31","slug":"rezana-grafika","status":"publish","type":"page","link":"https:\/\/k-copy.cz\/?page_id=109","title":{"rendered":"\u0158EZAN\u00c1 GRAFIKA"},"content":{"rendered":"\r\n<p style=\"text-align: justify;\">\u0158ezan\u00e1 f\u00f3liov\u00e1 grafika najde sv\u00e9 uplatn\u011bn\u00ed p\u0159edev\u0161\u00edm v oblasti propagace. Lze ji vyu\u017e\u00edt od\u00a0v\u00fdkladn\u00edch sk\u0159\u00edn\u00ed, vylepen\u00ed na bannery \u010di desky a\u017e po nalepen\u00ed na v\u00fdrobky. \u0158ez\u00e1n\u00ed prov\u00e1d\u00edme na plotteru\u00a0<strong>ROLAND CAMM-1<\/strong> s pracovn\u00ed \u0161\u00ed\u0159\u00ed 584 mm (pracovn\u00ed \u0161\u00ed\u0159e lze n\u00e1sobit). Vy\u0159ez\u00e1vat lze jak\u00e9koli samolepic\u00ed interi\u00e9rov\u00e9, exteri\u00e9rov\u00e9, na\u017eehlovac\u00ed f\u00f3lie apod. Po vy\u0159ez\u00e1n\u00ed je provedena separace a\u00a0mont\u00e1\u017e na p\u0159enosovou f\u00f3lii.<\/p>\r\n\r\n\r\n\r\n<h2 class=\"wp-block-heading\">Cen\u00edk &#8211; \u0158EZAN\u00c1 F\u00d3LIOV\u00c1 GRAFIKA | v\u00fd\u0159ezy reklamy plotrem<\/h2>\r\n\r\n\r\n\r\n\n<table id=\"tablepress-15\" class=\"tablepress tablepress-id-15 tbody-has-connected-cells\">\n<thead>\n<tr class=\"row-1\">\n\t<th class=\"column-1\">Popis \/ velikost<\/th><th class=\"column-2\">do 0,5 m\u00b2<\/th><th class=\"column-3\">do 0,99 m\u00b2<\/th><th class=\"column-4\">v\u00edce ne\u017e 1 m\u00b2<\/th>\n<\/tr>\n<\/thead>\n<tbody class=\"row-striping row-hover\">\n<tr class=\"row-2\">\n\t<td colspan=\"4\" class=\"column-1\">5 let\u00e1 folie<\/td>\n<\/tr>\n<tr class=\"row-3\">\n\t<td class=\"column-1\">z\u00e1kladn\u00ed pracnost<\/td><td class=\"column-2\">9,90 K\u010d \/ dm\u00b2<\/td><td class=\"column-3\">8,90 K\u010d \/ dm\u00b2<\/td><td class=\"column-4\">7,90 K\u010d \/ dm\u00b2<\/td>\n<\/tr>\n<tr class=\"row-4\">\n\t<td class=\"column-1\">zt\u00ed\u017een\u00e1 pracnost<\/td><td class=\"column-2\">14,50 K\u010d \/ dm\u00b2<\/td><td class=\"column-3\">12,90 K\u010d \/ dm\u00b2<\/td><td class=\"column-4\">11,50 K\u010d \/ dm\u00b2<\/td>\n<\/tr>\n<tr class=\"row-5\">\n\t<td class=\"column-1\">drobn\u00e1 grafika<\/td><td class=\"column-2\">19,50 K\u010d \/ dm\u00b2<\/td><td class=\"column-3\">17,90 K\u010d \/ dm\u00b2<\/td><td class=\"column-4\">15,50 K\u010d \/ dm\u00b2<\/td>\n<\/tr>\n<tr class=\"row-6\">\n\t<td colspan=\"4\" class=\"column-1\">Ostatn\u00ed sazby pro \u0159ezanou grafiku<\/td>\n<\/tr>\n<tr class=\"row-7\">\n\t<td class=\"column-1\">p\u0159enosov\u00e1 folie<\/td><td class=\"column-2\">2,00 K\u010d \/ dm\u00b2<\/td><td class=\"column-3\">1,50 K\u010d \/ dm\u00b2<\/td><td class=\"column-4\">1,00 K\u010d \/ dm\u00b2<\/td>\n<\/tr>\n<tr class=\"row-8\">\n\t<td class=\"column-1\">mont\u00e1\u017e v provozovn\u011b<\/td><td class=\"column-2\">8,00 K\u010d \/ dm\u00b2<\/td><td class=\"column-3\">7,00 K\u010d \/ dm\u00b2<\/td><td class=\"column-4\">6,00 K\u010d \/ dm\u00b2<\/td>\n<\/tr>\n<tr class=\"row-9\">\n\t<td class=\"column-1\">v\u00fdlep plochy foli\u00ed<\/td><td class=\"column-2\">3,20 K\u010d \/ dm\u00b2<\/td><td class=\"column-3\">2,80 K\u010d \/ dm\u00b2<\/td><td class=\"column-4\">2,40 K\u010d \/ dm\u00b2<\/td>\n<\/tr>\n<\/tbody>\n<\/table>\n<!-- #tablepress-15 from cache -->\r\n\r\n\r\n\r\n\n<table id=\"tablepress-33\" class=\"tablepress tablepress-id-33 tbody-has-connected-cells\">\n<thead>\n<tr class=\"row-1\">\n\t<th colspan=\"2\" class=\"column-1\">Dopl\u0148kov\u00e9 ceny a p\u0159\u00edplatky<\/th><th colspan=\"2\" class=\"column-3\">ceny neobsahuj\u00ed DPH, sazba bude p\u0159ipo\u010dtena v z\u00e1konn\u00e9 v\u00fd\u0161i<\/th>\n<\/tr>\n<\/thead>\n<tbody class=\"row-striping row-hover\">\n<tr class=\"row-2\">\n\t<td class=\"column-1\">n\u00e1vrh, sazba, edita\u010dn\u00ed pr\u00e1ce<\/td><td class=\"column-2\">12,00 K\u010d \/ minuta<\/td><td class=\"column-3\">Pozn\u00e1mky:<\/td><td class=\"column-4\"><\/td>\n<\/tr>\n<tr class=\"row-3\">\n\t<td class=\"column-1\">speci\u00e1ln\u00ed f\u00f3lie (v\u00edcelet\u00e9, metalick\u00e9, apod.)<\/td><td class=\"column-2\">ceny a vzorn\u00edk u obsluhy<\/td><td colspan=\"2\" class=\"column-3\">mont\u00e1\u017e neobsazuje podkladov\u00e9 m\u00e9dium (nap\u0159. banner, desku, apod.)<\/td>\n<\/tr>\n<tr class=\"row-4\">\n\t<td colspan=\"2\" class=\"column-1\"><\/td><td colspan=\"2\" class=\"column-3\">zt\u00ed\u017een\u00e1 pracnost - p\u00edsmo, grafika do cca 5 cm, drobn\u00e1 grafika do cca 2 cm<\/td>\n<\/tr>\n<\/tbody>\n<\/table>\n<!-- #tablepress-33 from cache -->\r\n","protected":false},"excerpt":{"rendered":"<p>\u0158ezan\u00e1 f\u00f3liov\u00e1 grafika najde sv\u00e9 uplatn\u011bn\u00ed p\u0159edev\u0161\u00edm v oblasti propagace. Lze ji vyu\u017e\u00edt od\u00a0v\u00fdkladn\u00edch sk\u0159\u00edn\u00ed, vylepen\u00ed na bannery \u010di desky a\u017e po nalepen\u00ed na v\u00fdrobky. \u0158ez\u00e1n\u00ed prov\u00e1d\u00edme na plotteru\u00a0ROLAND CAMM-1 s pracovn\u00ed \u0161\u00ed\u0159\u00ed 584 mm (pracovn\u00ed \u0161\u00ed\u0159e lze n\u00e1sobit). Vy\u0159ez\u00e1vat&#8230;<\/p>\n","protected":false},"author":1,"featured_media":0,"parent":0,"menu_order":0,"comment_status":"closed","ping_status":"closed","template":"","meta":{"footnotes":""},"class_list":["post-109","page","type-page","status-publish","hentry"],"_links":{"self":[{"href":"https:\/\/k-copy.cz\/index.php?rest_route=\/wp\/v2\/pages\/109","targetHints":{"allow":["GET"]}}],"collection":[{"href":"https:\/\/k-copy.cz\/index.php?rest_route=\/wp\/v2\/pages"}],"about":[{"href":"https:\/\/k-copy.cz\/index.php?rest_route=\/wp\/v2\/types\/page"}],"author":[{"embeddable":true,"href":"https:\/\/k-copy.cz\/index.php?rest_route=\/wp\/v2\/users\/1"}],"replies":[{"embeddable":true,"href":"https:\/\/k-copy.cz\/index.php?rest_route=%2Fwp%2Fv2%2Fcomments&post=109"}],"version-history":[{"count":6,"href":"https:\/\/k-copy.cz\/index.php?rest_route=\/wp\/v2\/pages\/109\/revisions"}],"predecessor-version":[{"id":720,"href":"https:\/\/k-copy.cz\/index.php?rest_route=\/wp\/v2\/pages\/109\/revisions\/720"}],"wp:attachment":[{"href":"https:\/\/k-copy.cz\/index.php?rest_route=%2Fwp%2Fv2%2Fmedia&parent=109"}],"curies":[{"name":"wp","href":"https:\/\/api.w.org\/{rel}","templated":true}]}}