{"id":111,"date":"2019-07-29T11:29:01","date_gmt":"2019-07-29T09:29:01","guid":{"rendered":"http:\/\/devel.k-copy.cz\/?page_id=111"},"modified":"2019-07-31T15:12:08","modified_gmt":"2019-07-31T13:12:08","slug":"dokoncovaci-prace","status":"publish","type":"page","link":"https:\/\/k-copy.cz\/?page_id=111","title":{"rendered":"DOKON\u010cOVAC\u00cd PR\u00c1CE"},"content":{"rendered":"\n<p>Copy centrum nab\u00edz\u00ed krom\u011b kop\u00edrov\u00e1n\u00ed a tisku celou \u0159adu dopl\u0148kov\u00fdch prac\u00ed. N\u011bkter\u00e9 z nich, nap\u0159\u00edklad vazby a laminov\u00e1n\u00ed, maj\u00ed sv\u016fj samostatn\u00fd cen\u00edk. Jin\u00e9 jsou natolik drobn\u00e9 (i kdy\u017e v na\u0161\u00ed nab\u00eddce nezbytn\u00e9), \u017ee jejich cena je ur\u010dena pouze orienta\u010dn\u011b. V\u00fdsledn\u00e1 cena je potom z\u00e1visl\u00e1 na pracnosti, mno\u017estv\u00ed a rozsahu.<\/p>\n\n\n\n<p>Jedn\u00e1 se o pr\u00e1ce jako \u0159ez\u00e1n\u00ed a o\u0159ezy prov\u00e1d\u011bn\u00e9 na p\u00e1kov\u00fdch a&nbsp;kole\u010dkov\u00fdch \u0159eza\u010dk\u00e1ch&nbsp;<strong>IDEAL<\/strong>&nbsp;a&nbsp;<strong>DAHLE<\/strong>, se\u0161\u00edv\u00e1n\u00ed, r\u016fzn\u00e9 v\u00fdseky, d\u011brov\u00e1n\u00ed, vrt\u00e1n\u00ed pap\u00edr\u016f nebo zaoblov\u00e1n\u00ed ro\u017ek\u016f za pomoci n\u00e1stroj\u016f zna\u010dek&nbsp;<strong>LEITZ<\/strong>,&nbsp;<strong>IDEAL<\/strong>&nbsp;a&nbsp;<strong>RAPESCO<\/strong>, bigov\u00e1n\u00ed a rylov\u00e1n\u00ed na za\u0159\u00edzen\u00ed&nbsp;<strong>CYKLOS GPM 315<\/strong>, sn\u00e1\u0161en\u00ed dokument\u016f (kompletace) a falcov\u00e1n\u00ed na stroj\u00edch&nbsp;<strong>DUPLO DC-10 mini<\/strong>&nbsp;a&nbsp;<strong>FKS Minipli 590<\/strong>. Posledn\u00ed polo\u017ekou ve skupin\u011b dopl\u0148kov\u00fdch prac\u00ed je ob\u00e1lkov\u00e1n\u00ed na dvoustanicov\u00e9 ob\u00e1lkova\u010dce s&nbsp;p\u0159\u00edlohovou stanic\u00ed&nbsp;<strong>PITNEY BOWES DI 350<\/strong>&nbsp;s&nbsp;mo\u017enost\u00ed frankov\u00e1n\u00ed (s p\u0159efakturac\u00ed po\u0161tovn\u00e9ho) na frankova\u010dce&nbsp;<strong>FRAMA SENSOMATIC<\/strong>.<\/p>\n\n\n\n<h2 class=\"wp-block-heading\">Cen\u00edk &#8211; DOPL\u0147KOV\u00c9 COPY PR\u00c1CE<\/h2>\n\n\n\n\n<table id=\"tablepress-16\" class=\"tablepress tablepress-id-16\">\n<thead>\n<tr class=\"row-1\">\n\t<th class=\"column-1\">Pr\u00e1ce<\/th><th class=\"column-2\">Popis, cena<\/th>\n<\/tr>\n<\/thead>\n<tbody class=\"row-striping row-hover\">\n<tr class=\"row-2\">\n\t<td class=\"column-1\">\u0159ez\u00e1n\u00ed, o\u0159ezy<\/td><td class=\"column-2\">strojn\u00ed od 0,50 K\u010d \/ \u0159ez, ru\u010dn\u00ed od 4,00 K\u010d \/ \u0159ez<\/td>\n<\/tr>\n<tr class=\"row-3\">\n\t<td class=\"column-1\">zaoblov\u00e1n\u00ed roh\u016f - v\u00fdsek<\/td><td class=\"column-2\">v\u00fdsekov\u00fdm n\u00e1strojem, cena od 0,50 K\u010d \/ v\u00fdsek<\/td>\n<\/tr>\n<tr class=\"row-4\">\n\t<td class=\"column-1\">d\u011brov\u00e1n\u00ed - vrt\u00e1n\u00ed<\/td><td class=\"column-2\">dokument\u016f do po\u0159ada\u010d\u016f - 2 d\u00edry 1,00 K\u010d, 4 d\u00edry 1,50 K\u010d<\/td>\n<\/tr>\n<tr class=\"row-5\">\n\t<td class=\"column-1\">se\u0161\u00edv\u00e1n\u00ed (sponkov\u00e1n\u00ed)<\/td><td class=\"column-2\">do bloku nebo \"st\u0159\u00ed\u0161ky\" (vazba V1) od 2,00 K\u010d \/ ks, z\u00e1v\u011bsn\u00e9 sponky + 1,00 K\u010d \/ kus<\/td>\n<\/tr>\n<tr class=\"row-6\">\n\t<td class=\"column-1\">r\u00fdhov\u00e1n\u00ed, perforov\u00e1n\u00ed<\/td><td class=\"column-2\">r\u00fdhov\u00e1n\u00ed nebo perforov\u00e1n\u00ed dokument\u016f pro snadn\u011bj\u0161\u00ed sklady \u010di trh\u00e1n\u00ed, cena od 3,00 K\u010d \/ lom<\/td>\n<\/tr>\n<tr class=\"row-7\">\n\t<td class=\"column-1\">falcov\u00e1n\u00ed, sn\u00e1\u0161en\u00ed - kompletace<\/td><td class=\"column-2\">do A3 - pouze 1 sklad, do B4 2 sklady nebo i slo\u017een\u011b do bro\u017eury, cena od 0,50 K\u010d \/ list \/ sklad<\/td>\n<\/tr>\n<tr class=\"row-8\">\n\t<td class=\"column-1\">ob\u00e1lkov\u00e1n\u00ed, frankov\u00e1n\u00ed dopis\u016f<\/td><td class=\"column-2\">ob\u00e1lkov\u00e1n\u00ed hromadn\u00e9 korespondence (ob\u00e1lky do B5) + frankov\u00e1n\u00ed cena dohodou dle mno\u017estv\u00ed<\/td>\n<\/tr>\n<\/tbody>\n<\/table>\n\n\n\n\n<h2 class=\"wp-block-heading\"> Cen\u00edk &#8211; SKENOV\u00c1N\u00cd <\/h2>\n\n\n\n\n<table id=\"tablepress-17\" class=\"tablepress tablepress-id-17 tbody-has-connected-cells\">\n<thead>\n<tr class=\"row-1\">\n\t<td class=\"column-1\"><\/td><th class=\"column-2\">1 - 4<\/th><th class=\"column-3\">5 - 19<\/th><th class=\"column-4\">20 a v\u00edce<\/th><th class=\"column-5\">1 - 4<\/th><th class=\"column-6\">5 - 19<\/th><th class=\"column-7\">20 a v\u00edce<\/th>\n<\/tr>\n<\/thead>\n<tbody class=\"row-striping row-hover\">\n<tr class=\"row-2\">\n\t<td class=\"column-1\"><\/td><td colspan=\"3\" class=\"column-2\">300dpi \u010cB<\/td><td colspan=\"3\" class=\"column-5\">300dpi BARVA<\/td>\n<\/tr>\n<tr class=\"row-3\">\n\t<td class=\"column-1\">origin\u00e1l do A4<\/td><td class=\"column-2\">9,00 K\u010d<\/td><td class=\"column-3\">7,00 K\u010d<\/td><td class=\"column-4\">5,00 K\u010d<\/td><td class=\"column-5\">13,00 K\u010d<\/td><td class=\"column-6\">11,00 K\u010d<\/td><td class=\"column-7\">9,00 K\u010d<\/td>\n<\/tr>\n<tr class=\"row-4\">\n\t<td class=\"column-1\">origin\u00e1l do A3<\/td><td class=\"column-2\">14,00 K\u010d<\/td><td class=\"column-3\">12,00 K\u010d<\/td><td class=\"column-4\">10,00 K\u010d<\/td><td class=\"column-5\">16,00 K\u010d<\/td><td class=\"column-6\">14,00 K\u010d<\/td><td class=\"column-7\">12,00 K\u010d<\/td>\n<\/tr>\n<tr class=\"row-5\">\n\t<td class=\"column-1\">origin\u00e1l od A2 do A0<\/td><td class=\"column-2\">26,50 K\u010d<\/td><td class=\"column-3\">24,00 K\u010d<\/td><td class=\"column-4\">21,50 K\u010d<\/td><td class=\"column-5\">53,00 K\u010d<\/td><td class=\"column-6\">48,00 K\u010d<\/td><td class=\"column-7\">43,00 K\u010d<\/td>\n<\/tr>\n<tr class=\"row-6\">\n\t<td class=\"column-1\">skenov\u00e1n\u00ed ze skla<\/td><td colspan=\"6\" class=\"column-2\">+ 2,00 K\u010d<\/td>\n<\/tr>\n<\/tbody>\n<\/table>\n\n\n\n\n<h2 class=\"wp-block-heading\"> Cen\u00edk &#8211; GRAFIKA | PR\u00c1CE NA PC <\/h2>\n\n\n\n\n<table id=\"tablepress-18\" class=\"tablepress tablepress-id-18\">\n<thead>\n<tr class=\"row-1\">\n\t<th class=\"column-1\">Pr\u00e1ce<\/th><th class=\"column-2\">Popis, cena<\/th>\n<\/tr>\n<\/thead>\n<tbody class=\"row-striping row-hover\">\n<tr class=\"row-2\">\n\t<td class=\"column-1\">n\u00e1vrh, sazba, edita\u010dn\u00ed pl\u00e1n<\/td><td class=\"column-2\">12,00 K\u010d \/ min.<\/td>\n<\/tr>\n<tr class=\"row-3\">\n\t<td class=\"column-1\">tisk ze souboru<\/td><td class=\"column-2\">18 K\u010d \/ soubor, 10 K\u010d \/ soubor p\u0159i v\u00edce ne\u017e deseti souborech<\/td>\n<\/tr>\n<tr class=\"row-4\">\n\t<td class=\"column-1\">z\u00e1lohov\u00e1n\u00ed data<\/td><td class=\"column-2\">cena m\u00e9dia  + 25 K\u010d, + 3 K\u010d \/ ka\u017ed\u00fdch na\u010dat\u00fdch 100 MB<\/td>\n<\/tr>\n<tr class=\"row-5\">\n\t<td class=\"column-1\">emaily, uklad\u00e1n\u00ed soubor\u016f<\/td><td class=\"column-2\">odes\u00edl\u00e1n\u00ed e-mail\u016f 15 K\u010d, ukl\u00e1d\u00e1n\u00ed soubor\u016f (nap\u0159. p\u0159es uschovna.cz nebo na ftp server) 25 K\u010d<\/td>\n<\/tr>\n<\/tbody>\n<\/table>\n\n","protected":false},"excerpt":{"rendered":"<p>Copy centrum nab\u00edz\u00ed krom\u011b kop\u00edrov\u00e1n\u00ed a tisku celou \u0159adu dopl\u0148kov\u00fdch prac\u00ed. N\u011bkter\u00e9 z nich, nap\u0159\u00edklad vazby a laminov\u00e1n\u00ed, maj\u00ed sv\u016fj samostatn\u00fd cen\u00edk. Jin\u00e9 jsou natolik drobn\u00e9 (i kdy\u017e v na\u0161\u00ed nab\u00eddce nezbytn\u00e9), \u017ee jejich cena je ur\u010dena pouze orienta\u010dn\u011b. V\u00fdsledn\u00e1&#8230;<\/p>\n","protected":false},"author":1,"featured_media":0,"parent":0,"menu_order":0,"comment_status":"closed","ping_status":"closed","template":"","meta":{"footnotes":""},"class_list":["post-111","page","type-page","status-publish","hentry"],"_links":{"self":[{"href":"https:\/\/k-copy.cz\/index.php?rest_route=\/wp\/v2\/pages\/111","targetHints":{"allow":["GET"]}}],"collection":[{"href":"https:\/\/k-copy.cz\/index.php?rest_route=\/wp\/v2\/pages"}],"about":[{"href":"https:\/\/k-copy.cz\/index.php?rest_route=\/wp\/v2\/types\/page"}],"author":[{"embeddable":true,"href":"https:\/\/k-copy.cz\/index.php?rest_route=\/wp\/v2\/users\/1"}],"replies":[{"embeddable":true,"href":"https:\/\/k-copy.cz\/index.php?rest_route=%2Fwp%2Fv2%2Fcomments&post=111"}],"version-history":[{"count":12,"href":"https:\/\/k-copy.cz\/index.php?rest_route=\/wp\/v2\/pages\/111\/revisions"}],"predecessor-version":[{"id":337,"href":"https:\/\/k-copy.cz\/index.php?rest_route=\/wp\/v2\/pages\/111\/revisions\/337"}],"wp:attachment":[{"href":"https:\/\/k-copy.cz\/index.php?rest_route=%2Fwp%2Fv2%2Fmedia&parent=111"}],"curies":[{"name":"wp","href":"https:\/\/api.w.org\/{rel}","templated":true}]}}