{"id":115,"date":"2019-07-29T11:29:44","date_gmt":"2019-07-29T09:29:44","guid":{"rendered":"http:\/\/devel.k-copy.cz\/?page_id=115"},"modified":"2021-05-12T08:13:16","modified_gmt":"2021-05-12T06:13:16","slug":"doplnkovy-prodej","status":"publish","type":"page","link":"https:\/\/k-copy.cz\/?page_id=115","title":{"rendered":"DOPL\u0147KOV\u00dd PRODEJ"},"content":{"rendered":"\r\n<h1 class=\"wp-block-heading\">SPOT\u0158EBN\u00cd MATERI\u00c1L &#8211; inkousty, tonery, p\u00e1sky &#8230;<\/h1>\r\n\r\n\r\n\r\n<p>Krom\u011b kop\u00edrovac\u00edch prac\u00ed nab\u00edz\u00edme v copy centru sv\u00fdm z\u00e1kazn\u00edk\u016fm \u0161irok\u00fd sortiment toner\u016f, inkoust\u016f, cartridg\u00ed, refill (dopl\u0148ovac\u00edch) sad a tiskov\u00fdch p\u00e1sek do v\u011bt\u0161iny b\u011b\u017en\u00fdch tisk\u00e1ren, kop\u00edrek, fax\u016f a\u00a0multifunk\u010dn\u00edch za\u0159\u00edzen\u00ed.<\/p>\r\n\r\n\r\n\r\n<p>Skladem m\u00e1me mnoho origin\u00e1ln\u00edch inkoust\u016f a toner\u016f p\u0159edev\u0161\u00edm zna\u010dek Canon, Hewlett-Packard, Epson, Oki, Lexmark, Toshiba, Kyocera, Oc\u00e9, Brother, Xerox, Panasonic, Star, Samsung a\u00a0Sharp a celou \u0161k\u00e1lu alternativn\u00edch (kompatibiln\u00edch). Nechyb\u00ed repasovan\u00e9 tonery a inkousty od firem Katun, Armor, YKS, Graphic-Jet a Parrot.<\/p>\r\n\r\n\r\n\r\n<p>Dal\u0161\u00ed \u010d\u00e1st\u00ed sortimentu spot\u0159ebn\u00edho materi\u00e1lu jsou r\u016fzn\u00e9 druhy a zna\u010dky copy a inkjet pap\u00edr\u016f, fotopap\u00edry, barevn\u00e9 a grafick\u00e9 pap\u00edry, tiskov\u00e9 f\u00f3lie, samolepic\u00ed \u0161t\u00edtky Rayfilm v pln\u00e9m sortimentu v\u00fdsek\u016f.<\/p>\r\n\r\n\r\n\r\n<p>&nbsp;<\/p>\r\n\r\n\r\n\r\n<h2 class=\"wp-block-heading\">ZAJI\u0160\u0164UJEME REPASOV\u00c1N\u00cd B\u011a\u017dN\u00ddCH ZNA\u010cEK A TYP\u016e TONEROV\u00ddCH KAZET<\/h2>\r\n\r\n\r\n\r\n<p>&nbsp;<\/p>\r\n\r\n\r\n\r\n<h1 class=\"wp-block-heading\">KANCEL\u00c1\u0158SK\u00c9 POT\u0158EBY A KANCEL\u00c1\u0158SK\u00c1 TECHNIKA<\/h1>\r\n\r\n\r\n\r\n<p>Sou\u010d\u00e1st\u00ed sortimentu copy centra je t\u00e9\u017e prodej drobn\u00fdch kancel\u00e1\u0159sk\u00fdch pot\u0159eb a\u00a0<span style=\"color: #000080;\"><a style=\"color: #000080;\" href=\"https:\/\/drive.google.com\/file\/d\/1NShnL_UrxeIaQzrJe2ti9NBc9Tr5Hln1\/view?usp=sharing\" target=\"_blank\" rel=\"noreferrer noopener\"><span style=\"color: #800000;\">kancel\u00e1\u0159sk\u00e9 techniky<\/span><\/a><\/span>. Pat\u0159\u00ed sem p\u0159edev\u0161\u00edm z\u00e1kladn\u00ed sortiment psac\u00edch pot\u0159eb, pap\u00edr\u016f, ob\u00e1lek a etiket, raz\u00edtek, vizitk\u00e1\u0159\u016f, lepidel a opravn\u00fdch prost\u0159edk\u016f, archiva\u010dn\u00edch prost\u0159edk\u016f, obal\u016f tiskovin, \u0161anon\u016f a po\u0159ada\u010d\u016f nebo t\u0159eba se\u0161\u00edva\u010dek a d\u011brova\u010dek. D\u00e1le pak i cel\u00e1 \u0161k\u00e1la tiskopis\u016f pot\u0159ebn\u00fdch v b\u011b\u017en\u00e9 podnikatelsk\u00e9 \u010dinnosti a\u00a0ve\u0161ker\u00fd materi\u00e1l pro vazby a laminace v kancel\u00e1\u0159sk\u00e9m prost\u0159ed\u00ed &#8211; r\u016fzn\u00e9 druhy sl\u00eddov\u00fdch f\u00f3li\u00ed, karton\u016f, h\u0159bet\u016f, dr\u00e1tov\u00fdch \u010di plastov\u00fdch h\u0159eben\u016f a\u00a0laminovac\u00edch ob\u00e1lek.<\/p>\r\n\r\n\r\n\r\n<p>V oblasti kancel\u00e1\u0159sk\u00e9 techniky jde o kop\u00edrky, tisk\u00e1rny, faxy, stroje pro skartov\u00e1n\u00ed a lisov\u00e1n\u00ed, \u0159eza\u010dky pap\u00edru, flipcharty a prezenta\u010dn\u00ed tabule, skl\u00e1dac\u00ed a ob\u00e1lkovac\u00ed stroje, lamin\u00e1tory, v\u00e1zac\u00ed stroje, za\u0159\u00edzen\u00ed pro st\u0159edn\u011b a vysoce kapacitn\u00ed d\u011brov\u00e1n\u00ed a sponkov\u00e1n\u00ed.<\/p>\r\n","protected":false},"excerpt":{"rendered":"<p>SPOT\u0158EBN\u00cd MATERI\u00c1L &#8211; inkousty, tonery, p\u00e1sky &#8230; Krom\u011b kop\u00edrovac\u00edch prac\u00ed nab\u00edz\u00edme v copy centru sv\u00fdm z\u00e1kazn\u00edk\u016fm \u0161irok\u00fd sortiment toner\u016f, inkoust\u016f, cartridg\u00ed, refill (dopl\u0148ovac\u00edch) sad a tiskov\u00fdch p\u00e1sek do v\u011bt\u0161iny b\u011b\u017en\u00fdch tisk\u00e1ren, kop\u00edrek, fax\u016f a\u00a0multifunk\u010dn\u00edch za\u0159\u00edzen\u00ed. Skladem m\u00e1me mnoho origin\u00e1ln\u00edch inkoust\u016f&#8230;<\/p>\n","protected":false},"author":1,"featured_media":0,"parent":0,"menu_order":0,"comment_status":"closed","ping_status":"closed","template":"","meta":{"footnotes":""},"class_list":["post-115","page","type-page","status-publish","hentry"],"_links":{"self":[{"href":"https:\/\/k-copy.cz\/index.php?rest_route=\/wp\/v2\/pages\/115","targetHints":{"allow":["GET"]}}],"collection":[{"href":"https:\/\/k-copy.cz\/index.php?rest_route=\/wp\/v2\/pages"}],"about":[{"href":"https:\/\/k-copy.cz\/index.php?rest_route=\/wp\/v2\/types\/page"}],"author":[{"embeddable":true,"href":"https:\/\/k-copy.cz\/index.php?rest_route=\/wp\/v2\/users\/1"}],"replies":[{"embeddable":true,"href":"https:\/\/k-copy.cz\/index.php?rest_route=%2Fwp%2Fv2%2Fcomments&post=115"}],"version-history":[{"count":4,"href":"https:\/\/k-copy.cz\/index.php?rest_route=\/wp\/v2\/pages\/115\/revisions"}],"predecessor-version":[{"id":712,"href":"https:\/\/k-copy.cz\/index.php?rest_route=\/wp\/v2\/pages\/115\/revisions\/712"}],"wp:attachment":[{"href":"https:\/\/k-copy.cz\/index.php?rest_route=%2Fwp%2Fv2%2Fmedia&parent=115"}],"curies":[{"name":"wp","href":"https:\/\/api.w.org\/{rel}","templated":true}]}}