{"id":119,"date":"2019-07-29T11:30:13","date_gmt":"2019-07-29T09:30:13","guid":{"rendered":"http:\/\/devel.k-copy.cz\/?page_id=119"},"modified":"2021-05-12T08:17:49","modified_gmt":"2021-05-12T06:17:49","slug":"provozni-rad","status":"publish","type":"page","link":"https:\/\/k-copy.cz\/?page_id=119","title":{"rendered":"PROVOZN\u00cd \u0158\u00c1D POSKYTOVATELE ROZMNO\u017dOVAC\u00cdCH SLU\u017dEB"},"content":{"rendered":"\r\n<p style=\"text-align: justify;\">K-economy s.r.o., Brno, Cejl 91, okres Brno-m\u011bsto, <strong>PS\u010c:<\/strong> 602 00 <strong>I\u010c:<\/strong> 26 22 83 19, spol. zaps. v OR u KS v Brn\u011b, odd\u00edl C, vlo\u017eka 38504 <strong>provozovna :<\/strong> copy centrum K-copy, Cejl 91, 602 00 Brno<\/p>\r\n\r\n\r\n\r\n<ol class=\"wp-block-list\">\r\n<li style=\"text-align: justify;\">Poskytovatel rozmno\u017eovac\u00edch slu\u017eeb vyd\u00e1v\u00e1 za \u00fa\u010delem pln\u011bn\u00ed sv\u00fdch povinnost\u00ed ulo\u017een\u00fdch mu z\u00e1konem \u010d. 121\/2000 Sb., o pr\u00e1vu autorsk\u00e9m, o pr\u00e1vech souvisej\u00edc\u00edch s pr\u00e1vem autorsk\u00fdm a o zm\u011bn\u011b n\u011bkter\u00fdch z\u00e1kon\u016f (autorsk\u00fd z\u00e1kon), v platn\u00e9m zn\u011bn\u00ed, (d\u00e1le tak\u00e9 jen jako \u201e<strong>autorsk\u00fd z\u00e1kon<\/strong>\u201c) tento\u00a0<strong>Provozn\u00ed \u0159\u00e1d<\/strong>\u00a0(d\u00e1le tak\u00e9 jen jako \u201e<strong>provozn\u00ed \u0159\u00e1d<\/strong>\u201c).<\/li>\r\n<li style=\"text-align: justify;\">V textu provozn\u00edho \u0159\u00e1du se poskytovatelem rozum\u00ed poskytovatel rozmno\u017eovac\u00edch slu\u017eeb a provozovatel provozovny poskytuj\u00edc\u00ed rozmno\u017eovac\u00ed slu\u017eby a z\u00e1kazn\u00edkem subjekt objedn\u00e1vaj\u00edc\u00ed nebo kupuj\u00edc\u00ed zbo\u017e\u00ed \u010di slu\u017eby od poskytovatele, p\u0159i\u010dem\u017e tito potom spole\u010dn\u011b vystupuj\u00ed v obchodn\u00edm vztahu jako smluvn\u00ed strany.<\/li>\r\n<li style=\"text-align: justify;\">Dle autorsk\u00e9ho z\u00e1kona je p\u0159edm\u011btem pr\u00e1va autorsk\u00e9ho d\u00edlo liter\u00e1rn\u00ed a jin\u00e9 d\u00edlo um\u011bleck\u00e9 a d\u00edlo v\u011bdeck\u00e9, kter\u00e9 je jedine\u010dn\u00fdm v\u00fdsledkem tv\u016fr\u010d\u00ed \u010dinnosti autora a je vyj\u00e1d\u0159eno v jak\u00e9koli objektivn\u011b vn\u00edmateln\u00e9 podob\u011b v\u010detn\u011b podoby elektronick\u00e9, trvale nebo do\u010dasn\u011b, bez ohledu na jeho rozsah, \u00fa\u010del nebo v\u00fdznam (d\u00e1le tak\u00e9 jen jako \u201ed\u00edlo\u201c). D\u00edlem je zejm\u00e9na d\u00edlo slovesn\u00e9 vyj\u00e1d\u0159en\u00e9 \u0159e\u010d\u00ed nebo p\u00edsmem, d\u00edlo hudebn\u00ed, d\u00edlo dramatick\u00e9 a d\u00edlo hudebn\u011b dramatick\u00e9, d\u00edlo choreografick\u00e9 a d\u00edlo pantomimick\u00e9, d\u00edlo fotografick\u00e9 a d\u00edlo vyj\u00e1d\u0159en\u00e9 postupem podobn\u00fdm fotografii, d\u00edlo audiovizu\u00e1ln\u00ed, jako je d\u00edlo kinematografick\u00e9, d\u00edlo v\u00fdtvarn\u00e9, jako je d\u00edlo mal\u00ed\u0159sk\u00e9, grafick\u00e9 a socha\u0159sk\u00e9, d\u00edlo architektonick\u00e9 v\u010detn\u011b d\u00edla urbanistick\u00e9ho, d\u00edlo u\u017eit\u00e9ho um\u011bn\u00ed a d\u00edlo.<\/li>\r\n<li style=\"text-align: justify;\">Dle ustanoven\u00ed \u00a7 25 odst. 1 autorsk\u00e9ho z\u00e1kona plat\u00ed, \u017ee u zve\u0159ejn\u011bn\u00fdch d\u011bl (d\u00edla chr\u00e1n\u011bn\u00e1 autorsk\u00fdm z\u00e1konem po jejich prvn\u00edm ve\u0159ejn\u00e9m vystaven\u00ed, vyd\u00e1n\u00ed \u010di jin\u00e9m zp\u0159\u00edstupn\u011bn\u00ed ve\u0159ejnosti), kter\u00e1 lze rozmno\u017eovat pro osobn\u00ed pot\u0159ebu fyzick\u00e9 osoby \u010di vlastn\u00ed vnit\u0159n\u00ed pot\u0159ebu pr\u00e1vnick\u00e9 osoby \u010di podnikaj\u00edc\u00ed fyzick\u00e9 osoby pomoc\u00ed p\u0159\u00edstroje k zhotovov\u00e1n\u00ed tiskov\u00fdch rozmno\u017eenin na pap\u00edr nebo podobn\u00fd podklad, m\u00e1 jejich autor pr\u00e1vo na odm\u011bnu v souvislosti s rozmno\u017eov\u00e1n\u00edm d\u00edla pro osobn\u00ed pot\u0159ebu.<\/li>\r\n<li style=\"text-align: justify;\">Dle ustanoven\u00ed \u00a7 25 odst. 2 autorsk\u00e9ho z\u00e1kona plat\u00ed, \u017ee osobou povinnou platit odm\u011bnu podle \u00a7 25 odst. 1 autorsk\u00e9ho z\u00e1kona je poskytovatel rozmno\u017eovac\u00edch slu\u017eeb za \u00faplatu, pokud jde o tiskov\u00e9 rozmno\u017eeniny, p\u0159i\u010dem\u017e je poskytovatelem rozmno\u017eovac\u00edch slu\u017eeb za \u00faplatu i ten, kdo za \u00faplatu zp\u0159\u00edstupn\u00ed p\u0159\u00edstroj k zhotovov\u00e1n\u00ed tiskov\u00fdch rozmno\u017eenin.<\/li>\r\n<li style=\"text-align: justify;\">V\u00fd\u0161e odm\u011bny, kterou je poskytovatel rozmno\u017eovac\u00edch slu\u017eeb povinen 1x ro\u010dn\u011b odv\u00e1d\u011bt p\u0159\u00edslu\u0161n\u00e9mu kolektivn\u00edmu spr\u00e1vci (Divadeln\u00ed a liter\u00e1rn\u00ed agentura, ob\u010dansk\u00e9 sdru\u017een\u00ed (d\u00e1le tak\u00e9 jen jako \u201e<strong>DILIA<\/strong>\u201c)) \u010din\u00ed v souladu s p\u0159\u00edslu\u0161n\u00fdmi ustanoven\u00edmi autorsk\u00e9ho z\u00e1kona u \u010dernob\u00edl\u00e9 rozmno\u017eeniny \u010d\u00e1stku ve v\u00fd\u0161i 0,20 K\u010d za str\u00e1nku a u barevn\u00e9 rozmno\u017eeniny 0,40 K\u010d za str\u00e1nku, p\u0159i\u010dem\u017e tyto \u010d\u00e1stky mohou b\u00fdt m\u011bn\u011bny v z\u00e1vislosti na novelizaci p\u0159\u00edslu\u0161n\u00fdch legislativn\u00edch ustanoven\u00ed.<\/li>\r\n<li style=\"text-align: justify;\">Z\u00e1kazn\u00edk je srozum\u011bn a souhlas\u00ed s t\u00edm, \u017ee p\u0159i po\u0159\u00edzen\u00ed rozmno\u017eeniny autorsk\u00e9ho d\u00edla, je\u017e je chr\u00e1n\u011bno autorsk\u00fdm z\u00e1konem, mu bude poskytovatelem \u00fa\u010dtov\u00e1na krom\u011b ceny za po\u0159\u00edzen\u00ed p\u0159\u00edslu\u0161n\u00e9 rozmno\u017eeniny tak\u00e9 odm\u011bna autora, je\u017e je stanovena dle p\u0159\u00edslu\u0161n\u00fdch ustanoven\u00ed autorsk\u00e9ho z\u00e1kona a je hrazena poskytovatelem kolektivn\u00edmu spr\u00e1vci DILIA. Ustanoven\u00ed tohoto odstavce neplat\u00ed v p\u0159\u00edpad\u011b uplatn\u011bn\u00ed postupu dle odstavce 8 tohoto provozn\u00edho \u0159\u00e1du.<\/li>\r\n<li style=\"text-align: justify;\">Pro p\u0159\u00edpad, \u017ee z\u00e1kazn\u00edk je s\u00e1m autorem autorsk\u00e9ho d\u00edla, ud\u011bluje okam\u017eikem po\u0159\u00edzen\u00ed rozmno\u017eeniny autorsk\u00e9ho d\u00edla, je\u017e je chr\u00e1n\u011bn\u00e9ho autorsk\u00fdm z\u00e1konem, poskytovateli rozmno\u017eovac\u00edch slu\u017eeb bez\u00faplatnou licenci k pr\u00e1vu na rozmno\u017eov\u00e1n\u00ed d\u00edla. Obdobn\u011b se postupuje i v p\u0159\u00edpad\u011b, \u017ee z\u00e1kazn\u00edkem vytvo\u0159en\u00fd podklad pro po\u0159\u00edzen\u00ed rozmno\u017eeniny nen\u00ed autorsk\u00fdm d\u00edlem, tedy se nejedn\u00e1 o d\u00edlo chr\u00e1n\u011bn\u00e9 autorsk\u00fdm z\u00e1konem.<\/li>\r\n<li style=\"text-align: justify;\">Z\u00e1kazn\u00edk je opr\u00e1vn\u011bn si za \u00faplatu vy\u017e\u00e1dat od poskytovatele proveden\u00ed zku\u0161ebn\u00edho v\u00fdtisku \u010di n\u00e1hledu. V p\u0159\u00edpad\u011b, \u017ee si z\u00e1kazn\u00edk nevy\u017e\u00e1d\u00e1 od poskytovatele proveden\u00ed zku\u0161ebn\u00edho v\u00fdtisku \u010di n\u00e1hledu, je z\u00e1kazn\u00edk srozum\u011bn s t\u00edm, \u017ee je povinen odebrat a \u0159\u00e1dn\u011b zaplatit ve\u0161ker\u00e9 zhotoven\u00e9 zbo\u017e\u00ed tak, jak je zpracov\u00e1no poskytovatelem na tiskov\u00fdch a kop\u00edrovac\u00edch stroj\u00edch p\u0159i jejich defaultn\u00edch nastaven\u00edch.<\/li>\r\n<li style=\"text-align: justify;\">Z\u00e1kazn\u00edk je srozum\u011bn s t\u00edm, \u017ee v p\u0159\u00edpad\u011b prodlen\u00ed se zaplacen\u00edm ceny slu\u017eby \u010di odebran\u00e9ho zbo\u017e\u00ed, je povinen uhradit provozovateli smluvn\u00ed pokutu ve v\u00fd\u0161i 0,1% denn\u011b z dlu\u017en\u00e9 \u010d\u00e1stky za ka\u017ed\u00fd den prodlen\u00ed. V p\u0159\u00edpad\u011b prodlen\u00ed se zaplacen\u00edm ceny slu\u017eby \u010di odebran\u00e9ho zbo\u017e\u00ed o v\u00edce ne\u017e deset dn\u016f, je z\u00e1kazn\u00edk povinen uhradit provozovateli po\u010d\u00ednaje jeden\u00e1ct\u00fdm dnem prodlen\u00ed smluvn\u00ed pokutu ve v\u00fd\u0161i 0,5 % z dlu\u017en\u00e9 \u010d\u00e1stky za ka\u017ed\u00fd den prodlen\u00ed.<\/li>\r\n<li style=\"text-align: justify;\">Provozovatel a z\u00e1kazn\u00edk se d\u00e1le dohodli, \u017ee ve\u0161ker\u00e9 spory vznikl\u00e9 z obchodn\u00edho vztahu zalo\u017een\u00e9ho na odebr\u00e1n\u00ed zbo\u017e\u00ed \u010di slu\u017eeb z\u00e1kazn\u00edkem od poskytovatele nebo v souvislosti s odebr\u00e1n\u00edm zbo\u017e\u00ed \u010di slu\u017eeb z\u00e1kazn\u00edkem od poskytovatele budou \u0159e\u0161eny p\u0159ed obecn\u00fdm soudem, p\u0159i\u010dem\u017e m\u00edstn\u011b p\u0159\u00edslu\u0161n\u00fdm soudem bude soud, jen\u017e je m\u00edstn\u011b p\u0159\u00edslu\u0161n\u00fdm soudem provozovatele.<\/li>\r\n<\/ol>\r\n\r\n\r\n\r\n<p>Tento provozn\u00ed \u0159\u00e1d nab\u00fdv\u00e1 platnosti a \u00fa\u010dinnosti dne 25. 9. 2014.<br \/><strong>Milan Kal\u00e1b<\/strong> jednatel K-economy s.r.o.<\/p>\r\n","protected":false},"excerpt":{"rendered":"<p>K-economy s.r.o., Brno, Cejl 91, okres Brno-m\u011bsto, PS\u010c: 602 00 I\u010c: 26 22 83 19, spol. zaps. v OR u KS v Brn\u011b, odd\u00edl C, vlo\u017eka 38504 provozovna : copy centrum K-copy, Cejl 91, 602 00 Brno Poskytovatel rozmno\u017eovac\u00edch slu\u017eeb&#8230;<\/p>\n","protected":false},"author":1,"featured_media":0,"parent":0,"menu_order":0,"comment_status":"closed","ping_status":"closed","template":"","meta":{"footnotes":""},"class_list":["post-119","page","type-page","status-publish","hentry"],"_links":{"self":[{"href":"https:\/\/k-copy.cz\/index.php?rest_route=\/wp\/v2\/pages\/119","targetHints":{"allow":["GET"]}}],"collection":[{"href":"https:\/\/k-copy.cz\/index.php?rest_route=\/wp\/v2\/pages"}],"about":[{"href":"https:\/\/k-copy.cz\/index.php?rest_route=\/wp\/v2\/types\/page"}],"author":[{"embeddable":true,"href":"https:\/\/k-copy.cz\/index.php?rest_route=\/wp\/v2\/users\/1"}],"replies":[{"embeddable":true,"href":"https:\/\/k-copy.cz\/index.php?rest_route=%2Fwp%2Fv2%2Fcomments&post=119"}],"version-history":[{"count":6,"href":"https:\/\/k-copy.cz\/index.php?rest_route=\/wp\/v2\/pages\/119\/revisions"}],"predecessor-version":[{"id":717,"href":"https:\/\/k-copy.cz\/index.php?rest_route=\/wp\/v2\/pages\/119\/revisions\/717"}],"wp:attachment":[{"href":"https:\/\/k-copy.cz\/index.php?rest_route=%2Fwp%2Fv2%2Fmedia&parent=119"}],"curies":[{"name":"wp","href":"https:\/\/api.w.org\/{rel}","templated":true}]}}