{"id":33,"date":"2019-07-29T10:33:49","date_gmt":"2019-07-29T08:33:49","guid":{"rendered":"http:\/\/devel.k-copy.cz\/?page_id=33"},"modified":"2021-05-12T08:15:08","modified_gmt":"2021-05-12T06:15:08","slug":"kopirovani","status":"publish","type":"page","link":"https:\/\/k-copy.cz\/?page_id=33","title":{"rendered":"KOP\u00cdROV\u00c1N\u00cd"},"content":{"rendered":"\r\n<h2 class=\"wp-block-heading\"><a href=\"https:\/\/k-copy.cz\/?page_id=53\">\u010cernob\u00edl\u00e9 kop\u00edrov\u00e1n\u00ed<\/a><\/h2>\r\n\r\n\r\n\r\n<p style=\"text-align: justify;\">Jednobarevn\u00e9 \u010dern\u00e9 kop\u00edrov\u00e1n\u00ed v mal\u00e9m a\u017e st\u0159edn\u00edm po\u010dtu kopi\u00ed (\u0159\u00e1dov\u011b stovky kus\u016f) z b\u011b\u017en\u00fdch podklad\u016f od velikosti vizitky (50 x 90 mm) po form\u00e1t\u00a0A3+.<\/p>\r\n\r\n\r\n\r\n<h2 class=\"wp-block-heading\"><a href=\"https:\/\/k-copy.cz\/?page_id=55\">Barevn\u00e9 kop\u00edrov\u00e1n\u00ed<\/a><\/h2>\r\n\r\n\r\n\r\n<p style=\"text-align: justify;\">Plnobarevn\u00e9 kop\u00edrov\u00e1n\u00ed v men\u0161\u00edm a\u017e st\u0159edn\u00edm po\u010dtu (\u0159\u00e1dov\u011b des\u00edtky a\u017e stovky kus\u016f) od velikosti vizitky (50 x 90 mm) po form\u00e1t A3+.<\/p>\r\n\r\n\r\n\r\n<h2 class=\"wp-block-heading\"><a href=\"https:\/\/k-copy.cz\/?page_id=57\">Velkoform\u00e1tov\u00e9 kop\u00edrov\u00e1n\u00ed<\/a><\/h2>\r\n\r\n\r\n\r\n<p style=\"text-align: justify;\">Kop\u00edrov\u00e1n\u00ed p\u0159edev\u0161\u00edm technick\u00fdch v\u00fdkres\u016f do form\u00e1tu A0+ (914 mm) nebo &#8222;nekone\u010dn\u00fdch&#8220; d\u00e9lek do \u0161\u00ed\u0159e A0+.<\/p>\r\n\r\n\r\n\r\n<h2 class=\"wp-block-heading\"><a href=\"https:\/\/k-copy.cz\/?page_id=59\">Velkon\u00e1kladov\u00e9 kop\u00edrov\u00e1n\u00ed<\/a><\/h2>\r\n\r\n\r\n\r\n<p style=\"text-align: justify;\">Jednobarevn\u00e9 \u010dern\u00e9 (nebo modr\u00e9) rozmno\u017eov\u00e1n\u00ed dokument\u016f tzv. digit\u00e1ln\u00ed pr\u016ftiskovou metodou na profesion\u00e1ln\u00edch duplik\u00e1torech zna\u010dky RISOGRAPH.<\/p>\r\n","protected":false},"excerpt":{"rendered":"<p>\u010cernob\u00edl\u00e9 kop\u00edrov\u00e1n\u00ed Jednobarevn\u00e9 \u010dern\u00e9 kop\u00edrov\u00e1n\u00ed v mal\u00e9m a\u017e st\u0159edn\u00edm po\u010dtu kopi\u00ed (\u0159\u00e1dov\u011b stovky kus\u016f) z b\u011b\u017en\u00fdch podklad\u016f od velikosti vizitky (50 x 90 mm) po form\u00e1t\u00a0A3+. Barevn\u00e9 kop\u00edrov\u00e1n\u00ed Plnobarevn\u00e9 kop\u00edrov\u00e1n\u00ed v men\u0161\u00edm a\u017e st\u0159edn\u00edm po\u010dtu (\u0159\u00e1dov\u011b des\u00edtky a\u017e stovky kus\u016f)&#8230;<\/p>\n","protected":false},"author":1,"featured_media":0,"parent":0,"menu_order":0,"comment_status":"closed","ping_status":"closed","template":"","meta":{"footnotes":""},"class_list":["post-33","page","type-page","status-publish","hentry"],"_links":{"self":[{"href":"https:\/\/k-copy.cz\/index.php?rest_route=\/wp\/v2\/pages\/33","targetHints":{"allow":["GET"]}}],"collection":[{"href":"https:\/\/k-copy.cz\/index.php?rest_route=\/wp\/v2\/pages"}],"about":[{"href":"https:\/\/k-copy.cz\/index.php?rest_route=\/wp\/v2\/types\/page"}],"author":[{"embeddable":true,"href":"https:\/\/k-copy.cz\/index.php?rest_route=\/wp\/v2\/users\/1"}],"replies":[{"embeddable":true,"href":"https:\/\/k-copy.cz\/index.php?rest_route=%2Fwp%2Fv2%2Fcomments&post=33"}],"version-history":[{"count":7,"href":"https:\/\/k-copy.cz\/index.php?rest_route=\/wp\/v2\/pages\/33\/revisions"}],"predecessor-version":[{"id":713,"href":"https:\/\/k-copy.cz\/index.php?rest_route=\/wp\/v2\/pages\/33\/revisions\/713"}],"wp:attachment":[{"href":"https:\/\/k-copy.cz\/index.php?rest_route=%2Fwp%2Fv2%2Fmedia&parent=33"}],"curies":[{"name":"wp","href":"https:\/\/api.w.org\/{rel}","templated":true}]}}