{"id":36,"date":"2019-07-29T10:35:48","date_gmt":"2019-07-29T08:35:48","guid":{"rendered":"http:\/\/devel.k-copy.cz\/?page_id=36"},"modified":"2021-05-24T16:21:04","modified_gmt":"2021-05-24T14:21:04","slug":"nase-sluzby","status":"publish","type":"page","link":"https:\/\/k-copy.cz\/?page_id=36","title":{"rendered":"NA\u0160E SLU\u017dBY"},"content":{"rendered":"\r\n<ul class=\"wp-block-list\">\r\n<li>\r\n<h4><a href=\"https:\/\/k-copy.cz\/?page_id=33\">KOP\u00cdROV\u00c1N\u00cd<\/a><\/h4>\r\n<ul>\r\n<li>\r\n<h4><a href=\"https:\/\/k-copy.cz\/?page_id=53\">\u010cernob\u00edl\u00e9<\/a><\/h4>\r\n<\/li>\r\n<li>\r\n<h4><a href=\"https:\/\/k-copy.cz\/?page_id=55\">Barevn\u00e9<\/a><\/h4>\r\n<\/li>\r\n<li>\r\n<h4><a href=\"https:\/\/k-copy.cz\/?page_id=57\">Velk\u00e9 form\u00e1ty<\/a><\/h4>\r\n<\/li>\r\n<li>\r\n<h4><a href=\"https:\/\/k-copy.cz\/?page_id=59\">Velkon\u00e1kladov\u00e9<\/a><\/h4>\r\n<\/li>\r\n<\/ul>\r\n<\/li>\r\n<li>\r\n<h4><a href=\"https:\/\/k-copy.cz\/?page_id=65\">TISK<\/a><\/h4>\r\n<ul>\r\n<li>\r\n<h4><a href=\"https:\/\/k-copy.cz\/?page_id=67\">\u010cernob\u00edl\u00fd<\/a><\/h4>\r\n<\/li>\r\n<li>\r\n<h4><a href=\"https:\/\/k-copy.cz\/?page_id=69\">Barevn\u00fd<\/a><\/h4>\r\n<\/li>\r\n<li>\r\n<h4><a href=\"https:\/\/k-copy.cz\/?page_id=71\">Velkoform\u00e1tov\u00fd \u010dernob\u00edl\u00fd<\/a><\/h4>\r\n<\/li>\r\n<li>\r\n<h4><a href=\"https:\/\/k-copy.cz\/?page_id=73\">Velkoform\u00e1tov\u00fd barevn\u00fd<\/a><\/h4>\r\n<\/li>\r\n<li>\r\n<h4><a href=\"https:\/\/k-copy.cz\/?page_id=75\">Rozmno\u017eov\u00e1n\u00ed<\/a><\/h4>\r\n<\/li>\r\n<li>\r\n<h4><a href=\"https:\/\/k-copy.cz\/?page_id=77\">Etikety a \u0161t\u00edtky<\/a><\/h4>\r\n<\/li>\r\n<li>\r\n<h4><a href=\"https:\/\/k-copy.cz\/?page_id=79\">Plastov\u00e9 karty<\/a><\/h4>\r\n<\/li>\r\n<\/ul>\r\n<\/li>\r\n<li>\r\n<h4><a href=\"https:\/\/k-copy.cz\/?page_id=89\">RAZ\u00cdTKA<\/a><\/h4>\r\n<ul>\r\n<li>\r\n<h4><a href=\"https:\/\/k-copy.cz\/?page_id=91\">Raz\u00edtka Trodat<\/a><\/h4>\r\n<\/li>\r\n<li>\r\n<h4><a href=\"http:\/\/k-copy.razitko.cz\/\">Raz\u00edtka Trodat \u2013 online<\/a><\/h4>\r\n<\/li>\r\n<li>\r\n<h4><a href=\"https:\/\/k-copy.cz\/?page_id=95\">Raz\u00edtka Brother<\/a><\/h4>\r\n<\/li>\r\n<\/ul>\r\n<\/li>\r\n<li>\r\n<h4><a href=\"https:\/\/k-copy.cz\/?page_id=97\">VIZITKY<\/a><\/h4>\r\n<\/li>\r\n<li>\r\n<h4><a href=\"https:\/\/k-copy.cz\/?page_id=99\">LAMINOV\u00c1N\u00cd<\/a><\/h4>\r\n<\/li>\r\n<li>\r\n<h4><a href=\"https:\/\/k-copy.cz\/?page_id=101\">VAZBA DOKUMENT\u016e<\/a><\/h4>\r\n<\/li>\r\n<li>\r\n<h4><a href=\"https:\/\/k-copy.cz\/?page_id=103\">POTISK HRNK\u016e<\/a><\/h4>\r\n<\/li>\r\n<li>\r\n<h4><a href=\"https:\/\/k-copy.cz\/?page_id=105\">POTISK P\u0158EDM\u011aT\u016e<\/a><\/h4>\r\n<\/li>\r\n<li>\r\n<h4><a href=\"https:\/\/k-copy.cz\/?page_id=107\">V\u00ddROBA KALEND\u00c1\u0158\u016e<\/a><\/h4>\r\n<\/li>\r\n<li>\r\n<h4><a href=\"https:\/\/k-copy.cz\/?page_id=109\">\u0158EZAN\u00c1 GRAFIKA<\/a><\/h4>\r\n<\/li>\r\n<li>\r\n<h4><a href=\"https:\/\/k-copy.cz\/?page_id=111\">DOKON\u010cOVAC\u00cd PR\u00c1CE<\/a><\/h4>\r\n<\/li>\r\n<\/ul>\r\n<h4>\r\n\r\n<\/h4>\r\n<h4>\u00a0<\/h4>\r\n","protected":false},"excerpt":{"rendered":"<p>KOP\u00cdROV\u00c1N\u00cd \u010cernob\u00edl\u00e9 Barevn\u00e9 Velk\u00e9 form\u00e1ty Velkon\u00e1kladov\u00e9 TISK \u010cernob\u00edl\u00fd Barevn\u00fd Velkoform\u00e1tov\u00fd \u010dernob\u00edl\u00fd Velkoform\u00e1tov\u00fd barevn\u00fd Rozmno\u017eov\u00e1n\u00ed Etikety a \u0161t\u00edtky Plastov\u00e9 karty RAZ\u00cdTKA Raz\u00edtka Trodat Raz\u00edtka Trodat \u2013 online Raz\u00edtka Brother VIZITKY LAMINOV\u00c1N\u00cd VAZBA DOKUMENT\u016e POTISK HRNK\u016e POTISK P\u0158EDM\u011aT\u016e V\u00ddROBA KALEND\u00c1\u0158\u016e \u0158EZAN\u00c1 GRAFIKA&#8230;<\/p>\n","protected":false},"author":1,"featured_media":0,"parent":0,"menu_order":0,"comment_status":"closed","ping_status":"closed","template":"","meta":{"footnotes":""},"class_list":["post-36","page","type-page","status-publish","hentry"],"_links":{"self":[{"href":"https:\/\/k-copy.cz\/index.php?rest_route=\/wp\/v2\/pages\/36","targetHints":{"allow":["GET"]}}],"collection":[{"href":"https:\/\/k-copy.cz\/index.php?rest_route=\/wp\/v2\/pages"}],"about":[{"href":"https:\/\/k-copy.cz\/index.php?rest_route=\/wp\/v2\/types\/page"}],"author":[{"embeddable":true,"href":"https:\/\/k-copy.cz\/index.php?rest_route=\/wp\/v2\/users\/1"}],"replies":[{"embeddable":true,"href":"https:\/\/k-copy.cz\/index.php?rest_route=%2Fwp%2Fv2%2Fcomments&post=36"}],"version-history":[{"count":9,"href":"https:\/\/k-copy.cz\/index.php?rest_route=\/wp\/v2\/pages\/36\/revisions"}],"predecessor-version":[{"id":785,"href":"https:\/\/k-copy.cz\/index.php?rest_route=\/wp\/v2\/pages\/36\/revisions\/785"}],"wp:attachment":[{"href":"https:\/\/k-copy.cz\/index.php?rest_route=%2Fwp%2Fv2%2Fmedia&parent=36"}],"curies":[{"name":"wp","href":"https:\/\/api.w.org\/{rel}","templated":true}]}}