{"id":53,"date":"2019-07-29T11:12:19","date_gmt":"2019-07-29T09:12:19","guid":{"rendered":"http:\/\/devel.k-copy.cz\/?page_id=53"},"modified":"2021-02-19T09:55:43","modified_gmt":"2021-02-19T08:55:43","slug":"cernobile","status":"publish","type":"page","link":"https:\/\/k-copy.cz\/?page_id=53","title":{"rendered":"\u010cernob\u00edl\u00e9"},"content":{"rendered":"\r\n<p style=\"text-align: justify;\">Jednobarevn\u00e9 \u010dernob\u00edl\u00e9 kop\u00edrov\u00e1n\u00ed v mal\u00e9m a\u017e st\u0159edn\u00edm po\u010dtu kopi\u00ed (\u0159\u00e1dov\u011b do stovek kus\u016f) z b\u011b\u017en\u00fdch podklad\u016f od form\u00e1tu A5 po A3 z automatick\u00fdch podava\u010d\u016f dokument\u016f, od velikosti vizitek (50 \u00d7 90 mm) po form\u00e1t A3+, s manu\u00e1ln\u00edm pokl\u00e1d\u00e1n\u00edm kop\u00edrovan\u00fdch origin\u00e1l\u016f na sklo. Prov\u00e1d\u00edme i kop\u00edrov\u00e1n\u00ed z v\u00e1zan\u00fdch p\u0159edloh (knihy, se\u0161ity, skripta apod.) a po\u0161kozen\u00fdch origin\u00e1l\u016f, kter\u00e9 neprojdou automatick\u00fdm podava\u010dem. V\u0161echny kop\u00edrovac\u00ed stroje jsou vybaveny finishery pro dokon\u010dovac\u00ed pr\u00e1ce (t\u0159\u00edd\u011bn\u00ed \u2013 kompletace par\u00e9, sponkov\u00e1n\u00ed).<\/p>\r\n<p>Pro tisk vy\u0161\u0161\u00edch n\u00e1klad\u016f pou\u017e\u00edv\u00e1me tak\u00e9 <strong>ofsetovou<\/strong> technologii.<\/p>\r\n\r\n\r\n\r\n\r\n\r\n\r\n\r\n<h3 class=\"wp-block-heading\">Mo\u017enosti kop\u00edrov\u00e1n\u00ed:<\/h3>\r\n\r\n\r\n\r\n<ul class=\"wp-block-list\">\r\n<li>zm\u011bna velikosti kopie od 25% do 400%<\/li>\r\n<li>po\u0159izov\u00e1n\u00ed negativn\u00edch a zrcadlov\u011b p\u0159evr\u00e1cen\u00fdch kopi\u00ed<\/li>\r\n<li>centrov\u00e1n\u00ed a vymaz\u00e1n\u00ed okraj\u016f kopi\u00ed<\/li>\r\n<li>rozkop\u00edrov\u00e1v\u00e1n\u00ed na v\u00edce list\u016f (a\u017e 12\u00a0\u00d7\u00a0A3)<\/li>\r\n<li>oboustrann\u00e9 kop\u00edrov\u00e1n\u00ed duplexem<\/li>\r\n<li>automatick\u00e9 pod\u00e1v\u00e1n\u00ed dokumentu<\/li>\r\n<li>&#8222;p\u0159esouv\u00e1n\u00ed&#8220; str\u00e1nek p\u0159i kop\u00edrov\u00e1n\u00ed knih a \u010dasopis\u016f<\/li>\r\n<li>sortov\u00e1n\u00ed s mo\u017enost\u00ed \u0161it\u00ed<\/li>\r\n<li>mno\u017estv\u00ed edita\u010dn\u00edch funkc\u00ed pro kvalitn\u00ed kopie<\/li>\r\n<\/ul>\r\n\r\n\r\n\r\n\r\n\r\n\r\n\r\n<h3 class=\"wp-block-heading\">Cen\u00edkov\u00e1 m\u00e9dia pro kop\u00edrov\u00e1n\u00ed:<\/h3>\r\n\r\n\r\n\r\n<ul class=\"wp-block-list\">\r\n<li>Standardn\u011b copy pap\u00edr 80 g\/m\u00b2 &#8211; kvalita B<\/li>\r\n<\/ul>\r\n\r\n\r\n\r\n<h2 class=\"wp-block-heading\">Cen\u00edk &#8211; KOP\u00cdROV\u00c1N\u00cd | \u010dernob\u00edl\u00e9 &#8211; maloform\u00e1tov\u00e9<\/h2>\r\n\r\n\r\n\r\n\n<table id=\"tablepress-1\" class=\"tablepress tablepress-id-1 tbody-has-connected-cells\">\n<thead>\n<tr class=\"row-1\">\n\t<th colspan=\"2\" class=\"column-1\">Form\u00e1t \/ Po\u010det tisk\u016f (kopi\u00ed)<\/th><th class=\"column-3\">1 - 49<\/th><th class=\"column-4\">50 - 99<\/th><th class=\"column-5\">100 - 499<\/th><th class=\"column-6\">500 - 999<\/th><th class=\"column-7\">1000 - 1499<\/th><th class=\"column-8\">1500 - 1999<\/th><th class=\"column-9\">2000 a v\u00edce<\/th>\n<\/tr>\n<\/thead>\n<tbody class=\"row-striping row-hover\">\n<tr class=\"row-2\">\n\t<td class=\"column-1\">A4<\/td><td class=\"column-2\">jednostrann\u00e9<\/td><td class=\"column-3\">2,64 K\u010d<\/td><td class=\"column-4\">2,52 K\u010d<\/td><td class=\"column-5\">2,34 K\u010d<\/td><td class=\"column-6\">2,16 K\u010d<\/td><td class=\"column-7\">1,98 K\u010d<\/td><td class=\"column-8\">1,92 K\u010d<\/td><td class=\"column-9\">1,86 K\u010d<\/td>\n<\/tr>\n<tr class=\"row-3\">\n\t<td class=\"column-1\">A4<\/td><td class=\"column-2\">oboustrann\u00e9<\/td><td class=\"column-3\">5,16 K\u010d<\/td><td class=\"column-4\">4,92 K\u010d<\/td><td class=\"column-5\">4,56 K\u010d<\/td><td class=\"column-6\">4,20 K\u010d<\/td><td class=\"column-7\">3,84 K\u010d<\/td><td class=\"column-8\">3,72 K\u010d<\/td><td class=\"column-9\">3,60 K\u010d<\/td>\n<\/tr>\n<tr class=\"row-4\">\n\t<td class=\"column-1\">A4<\/td><td class=\"column-2\">samoobslu\u017en\u00e9 (strana)<\/td><td class=\"column-3\">1,68 K\u010d<\/td><td colspan=\"2\" class=\"column-4\">1,56 K\u010d<\/td><td colspan=\"4\" class=\"column-6\">1,44 K\u010d<\/td>\n<\/tr>\n<tr class=\"row-5\">\n\t<td class=\"column-1\">A3<\/td><td class=\"column-2\">jednostrann\u00e9<\/td><td class=\"column-3\">5,28 K\u010d<\/td><td class=\"column-4\">5,04 K\u010d<\/td><td class=\"column-5\">4,68 K\u010d<\/td><td class=\"column-6\">4,32 K\u010d<\/td><td class=\"column-7\">3,96 K\u010d<\/td><td class=\"column-8\">3,84 K\u010d<\/td><td class=\"column-9\">3,72 K\u010d<\/td>\n<\/tr>\n<tr class=\"row-6\">\n\t<td class=\"column-1\">A3<\/td><td class=\"column-2\">oboustrann\u00e9<\/td><td class=\"column-3\">10,32 K\u010d<\/td><td class=\"column-4\">9,84 K\u010d<\/td><td class=\"column-5\">9,00 K\u010d<\/td><td class=\"column-6\">8,28 K\u010d<\/td><td class=\"column-7\">7,68 K\u010d<\/td><td class=\"column-8\">7,44 K\u010d<\/td><td class=\"column-9\">7,20 K\u010d<\/td>\n<\/tr>\n<tr class=\"row-7\">\n\t<td class=\"column-1\">A3<\/td><td class=\"column-2\">samoobslu\u017en\u00e9 (strana)<\/td><td class=\"column-3\">3,24 K\u010d<\/td><td colspan=\"2\" class=\"column-4\">3,00 K\u010d<\/td><td colspan=\"4\" class=\"column-6\">2,64 K\u010d<\/td>\n<\/tr>\n<\/tbody>\n<\/table>\n<!-- #tablepress-1 from cache -->\r\n\r\n\r\n\r\n\n<table id=\"tablepress-19\" class=\"tablepress tablepress-id-19 tbody-has-connected-cells\">\n<thead>\n<tr class=\"row-1\">\n\t<th colspan=\"2\" class=\"column-1\">Dopl\u0148kov\u00e9 ceny a p\u0159\u00edplatky<\/th><th colspan=\"2\" class=\"column-3\">ceny neobsahuj\u00ed DPH, sazba bude p\u0159ipo\u010dtena v z\u00e1konn\u00e9 v\u00fd\u0161i<\/th>\n<\/tr>\n<\/thead>\n<tbody class=\"row-striping row-hover\">\n<tr class=\"row-2\">\n\t<td class=\"column-1\">kopie ze skla<\/td><td class=\"column-2\">1,50 K\u010d \/ kopie, 2,00 K\u010d \/ kopie z vazeb<\/td><td colspan=\"2\" class=\"column-3\">Ostatn\u00ed p\u0159\u00edplatky pro tisky:<\/td>\n<\/tr>\n<tr class=\"row-3\">\n\t<td class=\"column-1\">\u00faprava nastaven\u00ed velikosti (zoom)<\/td><td class=\"column-2\">3,00 K\u010d \/ nastaven\u00ed<\/td><td class=\"column-3\">tisk ze souboru*<\/td><td class=\"column-4\">18,00 K\u010d \/ otev\u0159en\u00fd soubor<\/td>\n<\/tr>\n<tr class=\"row-4\">\n\t<td class=\"column-1\">\u00faprava sytosti<\/td><td class=\"column-2\">3,00 K\u010d \/ po\u010det zku\u0161ebn\u00edch kopi\u00ed<\/td><td class=\"column-3\">v\u00edce ne\u017e 10 soubor\u016f<\/td><td class=\"column-4\">10,00 K\u010d \/ soubor<\/td>\n<\/tr>\n<tr class=\"row-5\">\n\t<td class=\"column-1\">kompletace tisk\u016f a kopi\u00ed<\/td><td class=\"column-2\">0,50 K\u010d \/ kopie<\/td><td class=\"column-3\">n\u00e1vrh, sazba a edita\u010dn\u00ed pr\u00e1ce<\/td><td class=\"column-4\">12,00 K\u010d \/ minuta<\/td>\n<\/tr>\n<tr class=\"row-6\">\n\t<td class=\"column-1\">\u0161it\u00ed (sponkov\u00e1n\u00ed)<\/td><td colspan=\"3\" class=\"column-2\">2,00 K\u010d \/ kus<\/td>\n<\/tr>\n<tr class=\"row-7\">\n\t<td class=\"column-1\">nestandardn\u00ed pap\u00edry<\/td><td class=\"column-2\">dle cen\u00edku materi\u00e1l\u016f<\/td><td colspan=\"2\" class=\"column-3\">Pozn\u00e1mky:<\/td>\n<\/tr>\n<tr class=\"row-8\">\n\t<td colspan=\"2\" class=\"column-1\">ke kopi\u00edm podl\u00e9haj\u00edc\u00edm poplatk\u016fm z autor. z\u00e1kona bude tento p\u0159ipo\u010dten<\/td><td colspan=\"2\" class=\"column-3\">* tiskneme ze v\u0161ech b\u011b\u017en\u00fdch typ\u016f soubor\u016f, form\u00e1ty sd\u011bl\u00edme na dotaz<\/td>\n<\/tr>\n<\/tbody>\n<\/table>\n<!-- #tablepress-19 from cache -->\r\n","protected":false},"excerpt":{"rendered":"<p>Jednobarevn\u00e9 \u010dernob\u00edl\u00e9 kop\u00edrov\u00e1n\u00ed v mal\u00e9m a\u017e st\u0159edn\u00edm po\u010dtu kopi\u00ed (\u0159\u00e1dov\u011b do stovek kus\u016f) z b\u011b\u017en\u00fdch podklad\u016f od form\u00e1tu A5 po A3 z automatick\u00fdch podava\u010d\u016f dokument\u016f, od velikosti vizitek (50 \u00d7 90 mm) po form\u00e1t A3+, s manu\u00e1ln\u00edm pokl\u00e1d\u00e1n\u00edm kop\u00edrovan\u00fdch origin\u00e1l\u016f&#8230;<\/p>\n","protected":false},"author":1,"featured_media":0,"parent":0,"menu_order":0,"comment_status":"closed","ping_status":"closed","template":"","meta":{"footnotes":""},"class_list":["post-53","page","type-page","status-publish","hentry"],"_links":{"self":[{"href":"https:\/\/k-copy.cz\/index.php?rest_route=\/wp\/v2\/pages\/53","targetHints":{"allow":["GET"]}}],"collection":[{"href":"https:\/\/k-copy.cz\/index.php?rest_route=\/wp\/v2\/pages"}],"about":[{"href":"https:\/\/k-copy.cz\/index.php?rest_route=\/wp\/v2\/types\/page"}],"author":[{"embeddable":true,"href":"https:\/\/k-copy.cz\/index.php?rest_route=\/wp\/v2\/users\/1"}],"replies":[{"embeddable":true,"href":"https:\/\/k-copy.cz\/index.php?rest_route=%2Fwp%2Fv2%2Fcomments&post=53"}],"version-history":[{"count":11,"href":"https:\/\/k-copy.cz\/index.php?rest_route=\/wp\/v2\/pages\/53\/revisions"}],"predecessor-version":[{"id":597,"href":"https:\/\/k-copy.cz\/index.php?rest_route=\/wp\/v2\/pages\/53\/revisions\/597"}],"wp:attachment":[{"href":"https:\/\/k-copy.cz\/index.php?rest_route=%2Fwp%2Fv2%2Fmedia&parent=53"}],"curies":[{"name":"wp","href":"https:\/\/api.w.org\/{rel}","templated":true}]}}