{"id":55,"date":"2019-07-29T11:12:40","date_gmt":"2019-07-29T09:12:40","guid":{"rendered":"http:\/\/devel.k-copy.cz\/?page_id=55"},"modified":"2021-02-16T11:54:51","modified_gmt":"2021-02-16T10:54:51","slug":"barevne","status":"publish","type":"page","link":"https:\/\/k-copy.cz\/?page_id=55","title":{"rendered":"Barevn\u00e9"},"content":{"rendered":"\r\n<p style=\"text-align: justify;\">Plnobarevn\u00e9 kop\u00edrov\u00e1n\u00ed v men\u0161\u00edm a\u017e st\u0159edn\u00edm po\u010dtu kopi\u00ed (\u0159\u00e1dov\u011b des\u00edtky a\u017e stovky kus\u016f). Velikost origin\u00e1l\u016f pro kop\u00edrov\u00e1n\u00ed je od velikosti vizitky (50 \u00d7 90 mm) po form\u00e1t A3+.<\/p>\r\n\r\n\r\n\r\n\r\n\r\n<p style=\"text-align: justify;\">V\u0161echny barevn\u00e9 v\u00fdstupy lze tisknout na b\u011b\u017en\u00e9 n\u00edzkogram\u00e1\u017en\u00ed materi\u00e1ly ur\u010den\u00e9 pro laserov\u00fd tisk, polokartony do gram\u00e1\u017ee 300 g\/m\u00b2, nebo r\u016fzn\u00e9 druhy f\u00f3li\u00ed v\u010detn\u011b transparentn\u00edch, metalick\u00fdch a samolep\u00edc\u00edch.<\/p>\r\n<p>Pro tisk vy\u0161\u0161\u00edch n\u00e1klad\u016f pou\u017e\u00edv\u00e1me tak\u00e9 <strong>ofsetovou<\/strong> technologii.<\/p>\r\n\r\n\r\n\r\n<h3 class=\"wp-block-heading\">Mo\u017enosti kop\u00edrov\u00e1n\u00ed:<\/h3>\r\n\r\n\r\n\r\n<ul class=\"wp-block-list\">\r\n<li>zm\u011bna velikosti kopie od 25% do 400%<\/li>\r\n<li>po\u0159izov\u00e1n\u00ed negativn\u00edch a zrcadlov\u011b p\u0159evr\u00e1cen\u00fdch kopi\u00ed<\/li>\r\n<li>centrov\u00e1n\u00ed a vymaz\u00e1n\u00ed okraj\u016f kopi\u00ed<\/li>\r\n<li>rozkop\u00edrov\u00e1v\u00e1n\u00ed na v\u00edce list\u016f (a\u017e 12 x A3)<\/li>\r\n<li>oboustrann\u00e9 kop\u00edrov\u00e1n\u00ed duplexem<\/li>\r\n<li>automatick\u00e9 pod\u00e1v\u00e1n\u00ed dokumentu<\/li>\r\n<li>&#8222;p\u0159esouv\u00e1n\u00ed&#8220; str\u00e1nek p\u0159i kop\u00edrov\u00e1n\u00ed knih a \u010dasopisu<\/li>\r\n<li>sortov\u00e1n\u00ed s mo\u017enost\u00ed \u0161it\u00ed<\/li>\r\n<li>mno\u017estv\u00ed edita\u010dn\u00edch funkc\u00ed pro kvalitn\u00ed kopie<\/li>\r\n<\/ul>\r\n\r\n\r\n\r\n\r\n\r\n\r\n\r\n<h3 class=\"wp-block-heading\">Cen\u00edkov\u00e1 m\u00e9dia pro kop\u00edrov\u00e1n\u00ed:<\/h3>\r\n\r\n\r\n\r\n<ul class=\"wp-block-list\">\r\n<li>Standardn\u011b copy pap\u00edr 100 g\/m\u00b2 &#8211; kvalita A &#8211; Canon<\/li>\r\n<li>Standardn\u011b copy pap\u00edr 80 g\/m\u00b2 &#8211; kvalita A &#8211; Toshiba<\/li>\r\n<\/ul>\r\n\r\n\r\n\r\n<h2 class=\"wp-block-heading\">Cen\u00edk &#8211; KOP\u00cdROV\u00c1N\u00cd | plnobarevn\u00e9 &#8211; maloform\u00e1tov\u00e9<\/h2>\r\n\r\n\r\n\r\n\n<table id=\"tablepress-2\" class=\"tablepress tablepress-id-2 tbody-has-connected-cells\">\n<thead>\n<tr class=\"row-1\">\n\t<th colspan=\"2\" class=\"column-1\">Form\u00e1t \/ Po\u010det tisk\u016f (kopi\u00ed)<\/th><th class=\"column-3\">1 - 9<\/th><th class=\"column-4\">10 - 19<\/th><th class=\"column-5\">20 - 49<\/th><th class=\"column-6\">50 - 99<\/th><th class=\"column-7\">100 - 199<\/th><th class=\"column-8\">200 - 199<\/th><th class=\"column-9\">500 a v\u00edce<\/th>\n<\/tr>\n<\/thead>\n<tbody class=\"row-striping row-hover\">\n<tr class=\"row-2\">\n\t<td class=\"column-1\">A4<\/td><td class=\"column-2\">Canon 1180<\/td><td class=\"column-3\">25,00 K\u010d<\/td><td class=\"column-4\">23,00 K\u010d<\/td><td class=\"column-5\">21,00 K\u010d<\/td><td class=\"column-6\">19,50 K\u010d<\/td><td class=\"column-7\">18,50 K\u010d<\/td><td class=\"column-8\">17,50 K\u010d<\/td><td class=\"column-9\">16,50 K\u010d<\/td>\n<\/tr>\n<tr class=\"row-3\">\n\t<td class=\"column-1\">A4<\/td><td class=\"column-2\">Toshiba e-studio 4555<\/td><td class=\"column-3\">19,00 K\u010d<\/td><td class=\"column-4\">17,50 K\u010d<\/td><td class=\"column-5\">15,00 K\u010d<\/td><td class=\"column-6\">14,00 K\u010d<\/td><td class=\"column-7\">13,00 K\u010d<\/td><td class=\"column-8\">11,50 K\u010d<\/td><td class=\"column-9\">9,50 K\u010d<\/td>\n<\/tr>\n<tr class=\"row-4\">\n\t<td class=\"column-1\">A4<\/td><td class=\"column-2\">Canon 1180 \u010dernob\u00edle*<\/td><td colspan=\"2\" class=\"column-3\">7,50 K\u010d<\/td><td colspan=\"2\" class=\"column-5\">6,00 K\u010d<\/td><td colspan=\"2\" class=\"column-7\">5,00 K\u010d<\/td><td class=\"column-9\">4,50 K\u010d<\/td>\n<\/tr>\n<tr class=\"row-5\">\n\t<td class=\"column-1\">A4<\/td><td class=\"column-2\">samoobslu\u017en\u00e9 (strana)<\/td><td class=\"column-3\">9,90 K\u010d<\/td><td colspan=\"2\" class=\"column-4\">9,50 K\u010d<\/td><td colspan=\"4\" class=\"column-6\">9,00 K\u010d<\/td>\n<\/tr>\n<tr class=\"row-6\">\n\t<td class=\"column-1\">A3<\/td><td class=\"column-2\">Canon 1180<\/td><td class=\"column-3\">49,00 K\u010d<\/td><td class=\"column-4\">45,00 K\u010d<\/td><td class=\"column-5\">41,00 K\u010d<\/td><td class=\"column-6\">38,00 K\u010d<\/td><td class=\"column-7\">36,00 K\u010d<\/td><td class=\"column-8\">34,00 K\u010d<\/td><td class=\"column-9\">32,00 K\u010d<\/td>\n<\/tr>\n<tr class=\"row-7\">\n\t<td class=\"column-1\">A3<\/td><td class=\"column-2\">Toshiba e-studio 4555<\/td><td class=\"column-3\">37,00 K\u010d<\/td><td class=\"column-4\">34,00 K\u010d<\/td><td class=\"column-5\">29,00 K\u010d<\/td><td class=\"column-6\">27,00 K\u010d<\/td><td class=\"column-7\">25,00 K\u010d<\/td><td class=\"column-8\">22,00 K\u010d<\/td><td class=\"column-9\">18,00 K\u010d<\/td>\n<\/tr>\n<tr class=\"row-8\">\n\t<td class=\"column-1\">A3<\/td><td class=\"column-2\">Canon 1180 \u010dernob\u00edle*<\/td><td colspan=\"2\" class=\"column-3\">14,00 K\u010d<\/td><td colspan=\"2\" class=\"column-5\">11,00 K\u010d<\/td><td colspan=\"2\" class=\"column-7\">9,00 K\u010d<\/td><td class=\"column-9\">8,00 K\u010d<\/td>\n<\/tr>\n<tr class=\"row-9\">\n\t<td class=\"column-1\">A3<\/td><td class=\"column-2\">samoobslu\u017en\u00e9 (strana)<\/td><td class=\"column-3\">19,80 K\u010d<\/td><td colspan=\"2\" class=\"column-4\">19,00 K\u010d<\/td><td colspan=\"4\" class=\"column-6\">18,00 K\u010d<\/td>\n<\/tr>\n<\/tbody>\n<\/table>\n<!-- #tablepress-2 from cache -->\r\n\r\n\r\n\r\n\n<table id=\"tablepress-21\" class=\"tablepress tablepress-id-21 tbody-has-connected-cells\">\n<thead>\n<tr class=\"row-1\">\n\t<th colspan=\"2\" class=\"column-1\">Dopl\u0148kov\u00e9 ceny a p\u0159\u00edplatky<\/th><th colspan=\"2\" class=\"column-3\">ceny neobsahuj\u00ed DPH, sazba bude p\u0159ipo\u010dtena v z\u00e1konn\u00e9 v\u00fd\u0161i<\/th>\n<\/tr>\n<\/thead>\n<tbody class=\"row-striping row-hover\">\n<tr class=\"row-2\">\n\t<td class=\"column-1\">oboustrann\u00fd tisk a kop\u00edrov\u00e1n\u00ed<\/td><td class=\"column-2\">ka\u017ed\u00e1 strana se po\u010d\u00edt\u00e1 samostatn\u011b<\/td><td colspan=\"2\" class=\"column-3\">Ostatn\u00ed p\u0159\u00edplatky pro tisky:<\/td>\n<\/tr>\n<tr class=\"row-3\">\n\t<td class=\"column-1\">\u00faprava nastaven\u00ed velikosti (zoom)<\/td><td class=\"column-2\">3,00 K\u010d \/ nastaven\u00ed<\/td><td class=\"column-3\">tisk ze souboru*<\/td><td class=\"column-4\">18,00 K\u010d \/ otev\u0159en\u00fd soubor<\/td>\n<\/tr>\n<tr class=\"row-4\">\n\t<td class=\"column-1\">\u00faprava sytosti<\/td><td class=\"column-2\">cena kopie \/ po\u010det zku\u0161ebn\u00edch kopi\u00ed<\/td><td class=\"column-3\">v\u00edce ne\u017e 10 soubor\u016f<\/td><td class=\"column-4\">10,00 K\u010d \/ soubor<\/td>\n<\/tr>\n<tr class=\"row-5\">\n\t<td class=\"column-1\">kompletace tisk\u016f a kopi\u00ed<\/td><td class=\"column-2\">0,50 K\u010d \/ kopie<\/td><td class=\"column-3\">n\u00e1vrh, sazba a edita\u010dn\u00ed pr\u00e1ce<\/td><td class=\"column-4\">12,00 K\u010d \/ minuta<\/td>\n<\/tr>\n<tr class=\"row-6\">\n\t<td class=\"column-1\">\u0161it\u00ed (sponkov\u00e1n\u00ed)<\/td><td class=\"column-2\">2,00 K\u010d \/ kus<\/td><td colspan=\"2\" class=\"column-3\">Pozn\u00e1mky:<\/td>\n<\/tr>\n<tr class=\"row-7\">\n\t<td class=\"column-1\">nestandardn\u00ed pap\u00edry<\/td><td class=\"column-2\">dle cen\u00edku materi\u00e1l\u016f<\/td><td colspan=\"2\" class=\"column-3\">* \u010db tisk se rozum\u00ed tisk pouze \"\u010dernou\" nikoli \u010dernou slo\u017eenou z CMYK<\/td>\n<\/tr>\n<tr class=\"row-8\">\n\t<td colspan=\"2\" class=\"column-1\">ke kopi\u00edm podl\u00e9haj\u00edc\u00edm poplatk\u016fm z autor. z\u00e1kona bude tento p\u0159ipo\u010dten<\/td><td colspan=\"2\" class=\"column-3\">** tiskneme ze v\u0161ech b\u011b\u017en\u00fdch typ\u016f soubor\u016f, form\u00e1ty sd\u011bl\u00edme na dotaz<\/td>\n<\/tr>\n<\/tbody>\n<\/table>\n<!-- #tablepress-21 from cache -->\r\n","protected":false},"excerpt":{"rendered":"<p>Plnobarevn\u00e9 kop\u00edrov\u00e1n\u00ed v men\u0161\u00edm a\u017e st\u0159edn\u00edm po\u010dtu kopi\u00ed (\u0159\u00e1dov\u011b des\u00edtky a\u017e stovky kus\u016f). Velikost origin\u00e1l\u016f pro kop\u00edrov\u00e1n\u00ed je od velikosti vizitky (50 \u00d7 90 mm) po form\u00e1t A3+. V\u0161echny barevn\u00e9 v\u00fdstupy lze tisknout na b\u011b\u017en\u00e9 n\u00edzkogram\u00e1\u017en\u00ed materi\u00e1ly ur\u010den\u00e9 pro laserov\u00fd&#8230;<\/p>\n","protected":false},"author":1,"featured_media":0,"parent":0,"menu_order":0,"comment_status":"closed","ping_status":"closed","template":"","meta":{"footnotes":""},"class_list":["post-55","page","type-page","status-publish","hentry"],"_links":{"self":[{"href":"https:\/\/k-copy.cz\/index.php?rest_route=\/wp\/v2\/pages\/55","targetHints":{"allow":["GET"]}}],"collection":[{"href":"https:\/\/k-copy.cz\/index.php?rest_route=\/wp\/v2\/pages"}],"about":[{"href":"https:\/\/k-copy.cz\/index.php?rest_route=\/wp\/v2\/types\/page"}],"author":[{"embeddable":true,"href":"https:\/\/k-copy.cz\/index.php?rest_route=\/wp\/v2\/users\/1"}],"replies":[{"embeddable":true,"href":"https:\/\/k-copy.cz\/index.php?rest_route=%2Fwp%2Fv2%2Fcomments&post=55"}],"version-history":[{"count":13,"href":"https:\/\/k-copy.cz\/index.php?rest_route=\/wp\/v2\/pages\/55\/revisions"}],"predecessor-version":[{"id":600,"href":"https:\/\/k-copy.cz\/index.php?rest_route=\/wp\/v2\/pages\/55\/revisions\/600"}],"wp:attachment":[{"href":"https:\/\/k-copy.cz\/index.php?rest_route=%2Fwp%2Fv2%2Fmedia&parent=55"}],"curies":[{"name":"wp","href":"https:\/\/api.w.org\/{rel}","templated":true}]}}