{"id":59,"date":"2019-07-29T11:13:37","date_gmt":"2019-07-29T09:13:37","guid":{"rendered":"http:\/\/devel.k-copy.cz\/?page_id=59"},"modified":"2021-03-22T12:12:08","modified_gmt":"2021-03-22T11:12:08","slug":"velkonakladove","status":"publish","type":"page","link":"https:\/\/k-copy.cz\/?page_id=59","title":{"rendered":"Velkon\u00e1kladov\u00e9"},"content":{"rendered":"\r\n<p style=\"text-align: justify;\">Jednobarevn\u00e9 \u010dern\u00e9 (nebo modr\u00e9) rozmno\u017eov\u00e1n\u00ed dokument\u016f tzv. digit\u00e1ln\u00ed pr\u016ftiskovou metodou na profesion\u00e1ln\u00edch duplik\u00e1torech zna\u010dky\u00a0<strong>RISOGRAPH<\/strong>. Jejich hlavn\u00ed vyu\u017eitelnost je d\u00edky rychlosti a cen\u011b p\u0159edev\u0161\u00edm v oblasti kvalitativn\u011b m\u00e9n\u011b n\u00e1ro\u010dn\u00fdch tisk\u016f (p\u0159edev\u0161\u00edm v obrazov\u00fdch p\u0159edloh\u00e1ch a v intenzit\u011b \u0161ed\u00fdch barev) pro katalogy, nab\u00eddkov\u00e9 listy, let\u00e1ky, pozv\u00e1nky a podobn\u00e9 tiskoviny.<\/p>\r\n<p>Pro tisk vy\u0161\u0161\u00edch n\u00e1klad\u016f pou\u017e\u00edv\u00e1me tak\u00e9 <strong>ofsetovou<\/strong> technologii.<\/p>\r\n\r\n\r\n\r\n<h3 class=\"wp-block-heading\">Mo\u017enosti:<\/h3>\r\n\r\n\r\n\r\n<ul class=\"wp-block-list\">\r\n<li>centrov\u00e1n\u00ed a vymaz\u00e1n\u00ed okraj\u016f kopi\u00ed<\/li>\r\n<li>vysok\u00e1 rychlost kop\u00edrov\u00e1n\u00ed<\/li>\r\n<li>edita\u010dn\u00ed funkce pro kop\u00edrov\u00e1n\u00ed z nekvalitn\u00edch p\u0159edloh<\/li>\r\n<li>kop\u00edrov\u00e1n\u00ed na standardn\u00ed pap\u00edry 60 &#8211; 200g\/m\u00b2<\/li>\r\n<li>kop\u00edrov\u00e1n\u00ed na ob\u00e1lky<\/li>\r\n<\/ul>\r\n\r\n\r\n\r\n<h3 class=\"wp-block-heading\">Form\u00e1t kop\u00edrov\u00e1n\u00ed:<\/h3>\r\n\r\n\r\n\r\n<ul class=\"wp-block-list\">\r\n<li>A3<\/li>\r\n<li>A4<\/li>\r\n<li>A5<\/li>\r\n<li>nestandardn\u00ed form\u00e1ty<\/li>\r\n<li>ob\u00e1lky<\/li>\r\n<\/ul>\r\n\r\n\r\n\r\n<h3 class=\"wp-block-heading\">Cen\u00edkov\u00e1 m\u00e9dia:<\/h3>\r\n\r\n\r\n\r\n<ul class=\"wp-block-list\">\r\n<li>Standardn\u011b copy pap\u00edr 80 g\/m\u00b2 &#8211; kvalita B<\/li>\r\n<\/ul>\r\n\r\n\r\n\r\n<h2 class=\"wp-block-heading\">Cen\u00edk &#8211; ROZMNO\u017dOV\u00c1N\u00cd na copyprinterech<\/h2>\r\n\r\n\r\n\r\n\n<table id=\"tablepress-4\" class=\"tablepress tablepress-id-4\">\n<thead>\n<tr class=\"row-1\">\n\t<th colspan=\"2\" class=\"column-1\">Form\u00e1t \/ Po\u010det tisk\u016f (kopi\u00ed)<\/th><th class=\"column-3\">matrice +<\/th><th class=\"column-4\">do 199<\/th><th class=\"column-5\">200 - 499<\/th><th class=\"column-6\">500 - 999<\/th><th class=\"column-7\">1000 - 2499<\/th><th class=\"column-8\">2500 - 4999<\/th><th class=\"column-9\">5000 a v\u00edce<\/th>\n<\/tr>\n<\/thead>\n<tbody class=\"row-striping row-hover\">\n<tr class=\"row-2\">\n\t<td class=\"column-1\">A5<\/td><td class=\"column-2\">tisk \u010dern\u00fd<\/td><td class=\"column-3\">15,00 K\u010d<\/td><td class=\"column-4\"><\/td><td class=\"column-5\">0,75 K\u010d<\/td><td class=\"column-6\">0,60 K\u010d<\/td><td class=\"column-7\">0,50 K\u010d<\/td><td class=\"column-8\">0,47 K\u010d<\/td><td class=\"column-9\">0,42 K\u010d<\/td>\n<\/tr>\n<tr class=\"row-3\">\n\t<td class=\"column-1\">A4<\/td><td class=\"column-2\">tisk \u010dern\u00fd<\/td><td class=\"column-3\">20,00 K\u010d<\/td><td class=\"column-4\"><\/td><td class=\"column-5\">1,10 K\u010d<\/td><td class=\"column-6\">0,95 K\u010d<\/td><td class=\"column-7\">0,85 K\u010d<\/td><td class=\"column-8\">0,75 K\u010d<\/td><td class=\"column-9\">0,70 K\u010d<\/td>\n<\/tr>\n<tr class=\"row-4\">\n\t<td class=\"column-1\">A3<\/td><td class=\"column-2\">tisk \u010dern\u00fd<\/td><td class=\"column-3\">35,00 K\u010d<\/td><td class=\"column-4\"><\/td><td class=\"column-5\">2,00 K\u010d<\/td><td class=\"column-6\">1,70 K\u010d<\/td><td class=\"column-7\">1,45 K\u010d<\/td><td class=\"column-8\">1,25 K\u010d<\/td><td class=\"column-9\">1,05 K\u010d<\/td>\n<\/tr>\n<\/tbody>\n<\/table>\n<!-- #tablepress-4 from cache -->\r\n\r\n\r\n\r\n\n<table id=\"tablepress-23\" class=\"tablepress tablepress-id-23 tbody-has-connected-cells\">\n<thead>\n<tr class=\"row-1\">\n\t<th colspan=\"2\" class=\"column-1\">Dopl\u0148kov\u00e9 ceny a p\u0159\u00edplatky<\/th><th colspan=\"2\" class=\"column-3\">ceny neobsahuj\u00ed DPH, sazba bude p\u0159ipo\u010dtena v z\u00e1konn\u00e9 v\u00fd\u0161i<\/th>\n<\/tr>\n<\/thead>\n<tbody class=\"row-striping row-hover\">\n<tr class=\"row-2\">\n\t<td class=\"column-1\">oboustrann\u00e9 rozmno\u017eov\u00e1n\u00ed<\/td><td class=\"column-2\">ka\u017ed\u00e1 strana se po\u010d\u00edt\u00e1 samostatn\u011b<\/td><td class=\"column-3\">kompletace kopi\u00ed a tisk\u016f<\/td><td class=\"column-4\">0,50 K\u010d \/ tisk<\/td>\n<\/tr>\n<tr class=\"row-3\">\n\t<td class=\"column-1\"><\/td><td class=\"column-2\">minus 0,05 K\u010d \/ A5, 0,10 K\u010d \/ A4<\/td><td class=\"column-3\">\u0161it\u00ed (sponkov\u00e1n\u00ed)<\/td><td class=\"column-4\">2,00 K\u010d \/ tisk<\/td>\n<\/tr>\n<tr class=\"row-4\">\n\t<td class=\"column-1\"><\/td><td class=\"column-2\">a 0,20 K\u010d \/ A3<\/td><td class=\"column-3\">nestandardn\u00ed pap\u00edry<\/td><td class=\"column-4\">dle cen\u00edku materi\u00e1l\u016f<\/td>\n<\/tr>\n<tr class=\"row-5\">\n\t<td class=\"column-1\">barva modr\u00e1<\/td><td class=\"column-2\">+15%, p\u0159i tisku s \u010dernou barvou<\/td><td colspan=\"2\" class=\"column-3\">ke kopi\u00edm podl\u00e9haj\u00edc\u00edm poplatk\u016fm z autor. z\u00e1kona bude tento p\u0159ipo\u010dten<\/td>\n<\/tr>\n<tr class=\"row-6\">\n\t<td class=\"column-1\"><\/td><td colspan=\"3\" class=\"column-2\">bez p\u0159\u00edplatku (nelze soutisk)<\/td>\n<\/tr>\n<tr class=\"row-7\">\n\t<td class=\"column-1\">\u00faprava nastaven\u00ed velikosti (zoom)<\/td><td class=\"column-2\">3,00 K\u010d \/ nastaven\u00ed<\/td><td colspan=\"2\" class=\"column-3\">Ostatn\u00ed p\u0159\u00edplatky pro tisky:<\/td>\n<\/tr>\n<tr class=\"row-8\">\n\t<td class=\"column-1\">\u00faprava sytosti<\/td><td class=\"column-2\">cena tisku \/ po\u010det zku\u0161ebn\u00edch tisk\u016f<\/td><td class=\"column-3\">n\u00e1vrh, sazba, edita\u010dn\u00ed pr\u00e1ce<\/td><td class=\"column-4\">12,00 K\u010d \/ minuta<\/td>\n<\/tr>\n<\/tbody>\n<\/table>\n<!-- #tablepress-23 from cache -->\r\n","protected":false},"excerpt":{"rendered":"<p>Jednobarevn\u00e9 \u010dern\u00e9 (nebo modr\u00e9) rozmno\u017eov\u00e1n\u00ed dokument\u016f tzv. digit\u00e1ln\u00ed pr\u016ftiskovou metodou na profesion\u00e1ln\u00edch duplik\u00e1torech zna\u010dky\u00a0RISOGRAPH. Jejich hlavn\u00ed vyu\u017eitelnost je d\u00edky rychlosti a cen\u011b p\u0159edev\u0161\u00edm v oblasti kvalitativn\u011b m\u00e9n\u011b n\u00e1ro\u010dn\u00fdch tisk\u016f (p\u0159edev\u0161\u00edm v obrazov\u00fdch p\u0159edloh\u00e1ch a v intenzit\u011b \u0161ed\u00fdch barev) pro katalogy,&#8230;<\/p>\n","protected":false},"author":1,"featured_media":0,"parent":0,"menu_order":0,"comment_status":"closed","ping_status":"closed","template":"","meta":{"footnotes":""},"class_list":["post-59","page","type-page","status-publish","hentry"],"_links":{"self":[{"href":"https:\/\/k-copy.cz\/index.php?rest_route=\/wp\/v2\/pages\/59","targetHints":{"allow":["GET"]}}],"collection":[{"href":"https:\/\/k-copy.cz\/index.php?rest_route=\/wp\/v2\/pages"}],"about":[{"href":"https:\/\/k-copy.cz\/index.php?rest_route=\/wp\/v2\/types\/page"}],"author":[{"embeddable":true,"href":"https:\/\/k-copy.cz\/index.php?rest_route=\/wp\/v2\/users\/1"}],"replies":[{"embeddable":true,"href":"https:\/\/k-copy.cz\/index.php?rest_route=%2Fwp%2Fv2%2Fcomments&post=59"}],"version-history":[{"count":7,"href":"https:\/\/k-copy.cz\/index.php?rest_route=\/wp\/v2\/pages\/59\/revisions"}],"predecessor-version":[{"id":603,"href":"https:\/\/k-copy.cz\/index.php?rest_route=\/wp\/v2\/pages\/59\/revisions\/603"}],"wp:attachment":[{"href":"https:\/\/k-copy.cz\/index.php?rest_route=%2Fwp%2Fv2%2Fmedia&parent=59"}],"curies":[{"name":"wp","href":"https:\/\/api.w.org\/{rel}","templated":true}]}}