{"id":65,"date":"2019-07-29T11:14:51","date_gmt":"2019-07-29T09:14:51","guid":{"rendered":"http:\/\/devel.k-copy.cz\/?page_id=65"},"modified":"2021-05-12T08:22:39","modified_gmt":"2021-05-12T06:22:39","slug":"tisk","status":"publish","type":"page","link":"https:\/\/k-copy.cz\/?page_id=65","title":{"rendered":"TISK"},"content":{"rendered":"\r\n<h2 class=\"wp-block-heading\"><a href=\"https:\/\/k-copy.cz\/?page_id=67\">\u010cernob\u00edl\u00fd tisk<\/a><\/h2>\r\n\r\n\r\n\r\n<p style=\"text-align: justify;\">Tisk na digit\u00e1ln\u00edch tiskov\u00fdch stroj\u00edch umo\u017e\u0148uje vytv\u00e1\u0159en\u00ed kopi\u00ed v\u00fdrazn\u011b v\u011bt\u0161\u00ed kvality ne\u017e p\u0159i klasick\u00e9m kop\u00edrov\u00e1n\u00ed, a to zvl\u00e1\u0161t\u011b u \u00faloh tvo\u0159en\u00fdch pouze grafikou nebo grafikou v kombinaci s textem (nedoch\u00e1z\u00ed ke skenov\u00e1n\u00ed ji\u017e jednou vyti\u0161t\u011bn\u00e9 p\u0159edlohy). V\u0161echny tiskov\u00e9 stroje jsou vybaveny finishery pro dokon\u010dovac\u00ed pr\u00e1ce (t\u0159\u00edd\u011bn\u00ed &#8211; kompletace par\u00e9, \u0161it\u00ed).<\/p>\r\n\r\n\r\n\r\n<h2 class=\"wp-block-heading\"><a href=\"https:\/\/k-copy.cz\/?page_id=69\">Barevn\u00fd tisk<\/a><\/h2>\r\n\r\n\r\n\r\n<p style=\"text-align: justify;\">Vynikaj\u00edc\u00ed kvalita barev a \u0161irok\u00e9 mo\u017enosti zpracov\u00e1n\u00ed tiskov\u00fdch \u00faloh. Plnobarevn\u00fd tisk (v kvalit\u011b srovnateln\u00e9 s fotografi\u00ed) i standardn\u00ed tisk (kombinuj\u00edc\u00ed grafiku a text) na stroj\u00edch vybaven\u00fdch duplexn\u00ed jednotkou, umo\u017e\u0148uj\u00edc\u00edch automatick\u00fd oboustrann\u00fd tisk. Tisknout lze na \u0161irok\u00e9 spektrum materi\u00e1l\u016f.<\/p>\r\n\r\n\r\n\r\n<h2 class=\"wp-block-heading\"><a href=\"https:\/\/k-copy.cz\/?page_id=71\">Velkoform\u00e1tov\u00fd tisk<\/a><\/h2>\r\n\r\n\r\n\r\n<p style=\"text-align: justify;\">Tisk p\u0159edev\u0161\u00edm technick\u00fdch v\u00fdkres\u016f do form\u00e1tu A0+ nebo &#8222;nekone\u010dn\u00fdch&#8220; d\u00e9lek do \u0161\u00ed\u0159e 914 mm na copy-printerov\u00e9m za\u0159\u00edzen\u00ed Oc\u00e9\u00a0 s mo\u017enost\u00ed strojov\u00e9ho skl\u00e1d\u00e1n\u00ed.<\/p>\r\n\r\n\r\n\r\n<p style=\"text-align: justify;\">Tisk na barevn\u00e9 inkoustov\u00e9 tisk\u00e1rn\u011b Canon, kter\u00e1 umo\u017e\u0148uje fotorealistick\u00fd tisk ve velikosti do form\u00e1tu A0+ nebo &#8222;nekone\u010dn\u00fd&#8220; p\u00e1s v \u0161\u00ed\u0159i A0+. Jako m\u00e9dia lze pou\u017e\u00edt nej\u0161ir\u0161\u00ed v\u00fdb\u011br velkoform\u00e1tov\u00fdch pap\u00edr\u016f nebo f\u00f3li\u00ed od fotopap\u00edr\u016f (lesk, satin, mat), ra\u017een\u00fdch grafick\u00fdch pap\u00edr\u016f a\u017e po samolepic\u00ed f\u00f3lie.<\/p>\r\n\r\n\r\n\r\n<h2 class=\"wp-block-heading\"><a href=\"https:\/\/k-copy.cz\/?page_id=73\">Velkon\u00e1kladov\u00fd tisk<\/a><\/h2>\r\n\r\n\r\n\r\n<p style=\"text-align: justify;\">Profesion\u00e1ln\u00ed duplik\u00e1tory RISOGRAPH jsou v\u00fdhodn\u00e9 svou rychlost\u00ed a n\u00edzkou cenou v\u00fdtisku. Toho je mo\u017eno dos\u00e1hnout d\u00edky digit\u00e1ln\u00ed pr\u016ftiskov\u00e9 metod\u011b, kter\u00e1 je vyu\u017eiteln\u00e1 p\u0159edev\u0161\u00edm v oblasti kvalitativn\u011b m\u00e9n\u011b n\u00e1ro\u010dn\u00fdch tisk\u016f.<\/p>\r\n\r\n\r\n\r\n<h2 class=\"wp-block-heading\"><a href=\"https:\/\/k-copy.cz\/?page_id=77\">Termotransferov\u00fd tisk<\/a><\/h2>\r\n\r\n\r\n\r\n<p style=\"text-align: justify;\">Termotransferov\u00fd tisk \u0161t\u00edtk\u016f a etiket do aplik\u00e1tor\u016f. Mo\u017enost tisku n\u011bkolika barvami termop\u00e1sek na r\u016fzn\u00e9 druhy materi\u00e1l\u016f \u0161t\u00edtk\u016f. Denn\u00ed kapacita tisk\u00e1rny p\u0159esahuje 1.350 metr\u016f potisku p\u0159i velikosti \u0161t\u00edtk\u016f od miniaturn\u00edch rozm\u011br\u016f po 104 x 381 mm.<\/p>\r\n","protected":false},"excerpt":{"rendered":"<p>\u010cernob\u00edl\u00fd tisk Tisk na digit\u00e1ln\u00edch tiskov\u00fdch stroj\u00edch umo\u017e\u0148uje vytv\u00e1\u0159en\u00ed kopi\u00ed v\u00fdrazn\u011b v\u011bt\u0161\u00ed kvality ne\u017e p\u0159i klasick\u00e9m kop\u00edrov\u00e1n\u00ed, a to zvl\u00e1\u0161t\u011b u \u00faloh tvo\u0159en\u00fdch pouze grafikou nebo grafikou v kombinaci s textem (nedoch\u00e1z\u00ed ke skenov\u00e1n\u00ed ji\u017e jednou vyti\u0161t\u011bn\u00e9 p\u0159edlohy). V\u0161echny tiskov\u00e9&#8230;<\/p>\n","protected":false},"author":1,"featured_media":0,"parent":0,"menu_order":0,"comment_status":"closed","ping_status":"closed","template":"","meta":{"footnotes":""},"class_list":["post-65","page","type-page","status-publish","hentry"],"_links":{"self":[{"href":"https:\/\/k-copy.cz\/index.php?rest_route=\/wp\/v2\/pages\/65","targetHints":{"allow":["GET"]}}],"collection":[{"href":"https:\/\/k-copy.cz\/index.php?rest_route=\/wp\/v2\/pages"}],"about":[{"href":"https:\/\/k-copy.cz\/index.php?rest_route=\/wp\/v2\/types\/page"}],"author":[{"embeddable":true,"href":"https:\/\/k-copy.cz\/index.php?rest_route=\/wp\/v2\/users\/1"}],"replies":[{"embeddable":true,"href":"https:\/\/k-copy.cz\/index.php?rest_route=%2Fwp%2Fv2%2Fcomments&post=65"}],"version-history":[{"count":8,"href":"https:\/\/k-copy.cz\/index.php?rest_route=\/wp\/v2\/pages\/65\/revisions"}],"predecessor-version":[{"id":722,"href":"https:\/\/k-copy.cz\/index.php?rest_route=\/wp\/v2\/pages\/65\/revisions\/722"}],"wp:attachment":[{"href":"https:\/\/k-copy.cz\/index.php?rest_route=%2Fwp%2Fv2%2Fmedia&parent=65"}],"curies":[{"name":"wp","href":"https:\/\/api.w.org\/{rel}","templated":true}]}}