{"id":71,"date":"2019-07-29T11:15:38","date_gmt":"2019-07-29T09:15:38","guid":{"rendered":"http:\/\/devel.k-copy.cz\/?page_id=71"},"modified":"2021-03-22T12:03:27","modified_gmt":"2021-03-22T11:03:27","slug":"velkoformatovy-cernobily","status":"publish","type":"page","link":"https:\/\/k-copy.cz\/?page_id=71","title":{"rendered":"Velkoform\u00e1tov\u00fd \u010dernob\u00edl\u00fd"},"content":{"rendered":"\r\n<p style=\"text-align: justify;\">Na velkoform\u00e1tov\u00e9 \u010dernob\u00edl\u00e9 pr\u00e1ce pou\u017e\u00edv\u00e1me za\u0159\u00edzen\u00ed presti\u017en\u00edho v\u00fdrobce velkoform\u00e1tov\u00fdch za\u0159\u00edzen\u00ed, od spole\u010dnosti <strong>Oc\u00e9<\/strong>, se samostatnou tiskovou a skenovac\u00ed jednotkou.<\/p>\r\n\r\n\r\n\r\n<p style=\"text-align: justify;\">Za\u0159\u00edzen\u00ed se d\u00edky propracovan\u00e9 technologii hod\u00ed p\u0159edev\u0161\u00edm jak pro zpracov\u00e1n\u00ed technick\u00fdch v\u00fdkres\u016f do form\u00e1tu A0+ (914 mm) nebo \u201enekone\u010dn\u00fdch\u201c d\u00e9lek do \u0161\u00ed\u0159e A0+, tak pro kop\u00edrov\u00e1n\u00ed map, velkoform\u00e1tov\u00fdch tiskovin \u010di prezenta\u010dn\u00ed grafiky ve form\u011b plak\u00e1t\u016f a pouta\u010d\u016f. Pro ka\u017edou z uveden\u00fdch \u00faloh je mo\u017en\u00e9 nastavit pat\u0159i\u010dnou tiskovou optimalizaci: Lines&amp;Text pro naprostou p\u0159esnost \u0159\u00e1dk\u016f; Standard pro dokonal\u00e9 \u010d\u00e1ry a plynul\u00e9 stupn\u011b \u0161edi; Poster pro bezchybn\u00e9 stupn\u011b \u0161edi a jemnou zrnitost v\u00fdpln\u00ed. Pou\u017eiteln\u00e9 typy m\u00e9di\u00ed: copy, transparentn\u00ed a pauzovac\u00ed pap\u00edr, samolepic\u00ed pap\u00edry a f\u00f3lie, fluorescentn\u00ed m\u00e9dia (efektn\u00ed p\u0159edev\u0161\u00edm pro oblast propagace) a dal\u0161\u00ed materi\u00e1ly do gram\u00e1\u017ee 110 g\/m\u00b2.<\/p>\r\n<p>Pro tisk vy\u0161\u0161\u00edch n\u00e1klad\u016f pou\u017e\u00edv\u00e1me tak\u00e9 <strong>ofsetovou<\/strong> technologii.<\/p>\r\n\r\n\r\n\r\n<p style=\"text-align: justify;\">Pro precizn\u00ed skl\u00e1d\u00e1n\u00ed p\u0159edev\u0161\u00edm technick\u00fdch v\u00fdkres\u016f pou\u017e\u00edv\u00e1me dal\u0161\u00ed z velkoform\u00e1tov\u00fdch za\u0159\u00edzen\u00ed od spole\u010dnosti Oc\u00e9 &#8211; skl\u00e1da\u010dku\u00a0<strong>OC\u00c9 940<\/strong>.<\/p>\r\n\r\n\r\n\r\n<h3 class=\"wp-block-heading\">Cen\u00edkov\u00e1 m\u00e9dia:<\/h3>\r\n\r\n\r\n\r\n<ul class=\"wp-block-list\">\r\n<li>Standardn\u011b copy pap\u00edr 80 g\/m\u00b2 &#8211; kvalita A<\/li>\r\n<\/ul>\r\n\r\n\r\n\r\n<h2 class=\"wp-block-heading\">Cen\u00edk &#8211; TISK | \u010dernob\u00edl\u00fd &#8211; velkoform\u00e1tov\u00fd<\/h2>\r\n\r\n\r\n\r\n\n<table id=\"tablepress-3\" class=\"tablepress tablepress-id-3\">\n<thead>\n<tr class=\"row-1\">\n\t<th colspan=\"2\" class=\"column-1\">Form\u00e1t \/ Po\u010det tisk\u016f (kopi\u00ed)<\/th><th class=\"column-3\">1 - 4<\/th><th class=\"column-4\">5 - 9<\/th><th class=\"column-5\">10 - 19<\/th><th class=\"column-6\">20 - 49<\/th><th class=\"column-7\">50 - 99<\/th><th class=\"column-8\">100 a v\u00edce<\/th>\n<\/tr>\n<\/thead>\n<tbody class=\"row-striping row-hover\">\n<tr class=\"row-2\">\n\t<td class=\"column-1\">A2<\/td><td class=\"column-2\">form\u00e1t<\/td><td class=\"column-3\">26,50 K\u010d<\/td><td class=\"column-4\">24,00K\u010d<\/td><td class=\"column-5\">21,50 K\u010d<\/td><td class=\"column-6\">19,00 K\u010d<\/td><td class=\"column-7\">16,50 K\u010d<\/td><td class=\"column-8\">15,00 K\u010d<\/td>\n<\/tr>\n<tr class=\"row-3\">\n\t<td class=\"column-1\">A1<\/td><td class=\"column-2\">form\u00e1t<\/td><td class=\"column-3\">47,50 K\u010d<\/td><td class=\"column-4\">43,50 K\u010d<\/td><td class=\"column-5\">39,00 K\u010d<\/td><td class=\"column-6\">35,00 K\u010d<\/td><td class=\"column-7\">31,50 K\u010d<\/td><td class=\"column-8\">30,00 K\u010d<\/td>\n<\/tr>\n<tr class=\"row-4\">\n\t<td class=\"column-1\">A0<\/td><td class=\"column-2\">form\u00e1t<\/td><td class=\"column-3\">79,50 K\u010d<\/td><td class=\"column-4\">73,50 K\u010d<\/td><td class=\"column-5\">68,00 K\u010d<\/td><td class=\"column-6\">62,00 K\u010d<\/td><td class=\"column-7\">56,50 K\u010d<\/td><td class=\"column-8\">53,50 K\u010d<\/td>\n<\/tr>\n<tr class=\"row-5\">\n\t<td class=\"column-1\">do A2<\/td><td class=\"column-2\">do 420 mm role*<\/td><td class=\"column-3\">0,50 K\u010d<\/td><td class=\"column-4\">0,45 K\u010d<\/td><td class=\"column-5\">0,40 K\u010d<\/td><td class=\"column-6\">0,35 K\u010d<\/td><td class=\"column-7\">0,30 K\u010d<\/td><td class=\"column-8\">0,27 K\u010d<\/td>\n<\/tr>\n<tr class=\"row-6\">\n\t<td class=\"column-1\">do A1<\/td><td class=\"column-2\">do 594 mm role*<\/td><td class=\"column-3\">0,60 K\u010d<\/td><td class=\"column-4\">0,55 K\u010d<\/td><td class=\"column-5\">0,50 K\u010d<\/td><td class=\"column-6\">0,45 K\u010d<\/td><td class=\"column-7\">0,40 K\u010d<\/td><td class=\"column-8\">0,37 K\u010d<\/td>\n<\/tr>\n<tr class=\"row-7\">\n\t<td class=\"column-1\">do A0<\/td><td class=\"column-2\">do 914 mm role*<\/td><td class=\"column-3\">0,70 K\u010d<\/td><td class=\"column-4\">0,65 K\u010d<\/td><td class=\"column-5\">0,60 K\u010d<\/td><td class=\"column-6\">0,55 K\u010d<\/td><td class=\"column-7\">0,50 K\u010d<\/td><td class=\"column-8\">0,47 K\u010d<\/td>\n<\/tr>\n<\/tbody>\n<\/table>\n<!-- #tablepress-3 from cache -->\r\n\r\n\r\n\r\n\n<table id=\"tablepress-22\" class=\"tablepress tablepress-id-22 tbody-has-connected-cells\">\n<thead>\n<tr class=\"row-1\">\n\t<th colspan=\"2\" class=\"column-1\">Dopl\u0148kov\u00e9 ceny a p\u0159\u00edplatky<\/th><th colspan=\"2\" class=\"column-3\">ceny neobsahuj\u00ed DPH, sazba bude p\u0159ipo\u010dtena v z\u00e1konn\u00e9 v\u00fd\u0161i<\/th>\n<\/tr>\n<\/thead>\n<tbody class=\"row-striping row-hover\">\n<tr class=\"row-2\">\n\t<td class=\"column-1\">strojov\u00e9 skl\u00e1d\u00e1n\u00ed v\u00fdkres\u016f<\/td><td class=\"column-2\">1 - 9 ks - 15% z ceny tisku<\/td><td colspan=\"2\" class=\"column-3\">Ostatn\u00ed p\u0159\u00edplatky pro tisky:<\/td>\n<\/tr>\n<tr class=\"row-3\">\n\t<td class=\"column-1\"><\/td><td class=\"column-2\">10 a v\u00edce ks - 10% z ceny tisku<\/td><td class=\"column-3\">tisk ze souboru**<\/td><td class=\"column-4\">18,00 K\u010d \/ otev\u0159en\u00fd soubor<\/td>\n<\/tr>\n<tr class=\"row-4\">\n\t<td class=\"column-1\">\u00faprava nastaven\u00ed velikosti (zoom)<\/td><td class=\"column-2\">3,00 K\u010d \/ nastaven\u00ed<\/td><td class=\"column-3\">v\u00edce ne\u017e 10 soubor\u016f<\/td><td class=\"column-4\">10,00 K\u010d \/ soubor<\/td>\n<\/tr>\n<tr class=\"row-5\">\n\t<td class=\"column-1\">\u00faprava sytosti<\/td><td class=\"column-2\">cena kopie \/ po\u010det zku\u0161ebn\u00edch kopi\u00ed<\/td><td class=\"column-3\">n\u00e1vrh, sazba a edita\u010dn\u00ed pr\u00e1ce<\/td><td class=\"column-4\">12,00 K\u010d \/ minuta<\/td>\n<\/tr>\n<tr class=\"row-6\">\n\t<td class=\"column-1\">o\u0159ezy<\/td><td class=\"column-2\">4,00 K\u010d \/ \u0159ez<\/td><td colspan=\"2\" class=\"column-3\">Pozn\u00e1mky:<\/td>\n<\/tr>\n<tr class=\"row-7\">\n\t<td class=\"column-1\">nestandardn\u00ed pap\u00edry<\/td><td class=\"column-2\">dle cen\u00edku materi\u00e1l\u016f<\/td><td colspan=\"2\" class=\"column-3\">* nestandardn\u00ed form\u00e1t mimo rozm\u011bry DIN \"A\"<\/td>\n<\/tr>\n<tr class=\"row-8\">\n\t<td colspan=\"2\" class=\"column-1\">ke kopi\u00edm podl\u00e9haj\u00edc\u00edm poplatk\u016fm z autor. z\u00e1kona bude tento p\u0159ipo\u010dten<\/td><td colspan=\"2\" class=\"column-3\">** tiskneme ze v\u0161ech b\u011b\u017en\u00fdch typ\u016f soubor\u016f, form\u00e1ty sd\u011bl\u00edme na dotaz<\/td>\n<\/tr>\n<\/tbody>\n<\/table>\n<!-- #tablepress-22 from cache -->\r\n","protected":false},"excerpt":{"rendered":"<p>Na velkoform\u00e1tov\u00e9 \u010dernob\u00edl\u00e9 pr\u00e1ce pou\u017e\u00edv\u00e1me za\u0159\u00edzen\u00ed presti\u017en\u00edho v\u00fdrobce velkoform\u00e1tov\u00fdch za\u0159\u00edzen\u00ed, od spole\u010dnosti Oc\u00e9, se samostatnou tiskovou a skenovac\u00ed jednotkou. Za\u0159\u00edzen\u00ed se d\u00edky propracovan\u00e9 technologii hod\u00ed p\u0159edev\u0161\u00edm jak pro zpracov\u00e1n\u00ed technick\u00fdch v\u00fdkres\u016f do form\u00e1tu A0+ (914 mm) nebo \u201enekone\u010dn\u00fdch\u201c d\u00e9lek do&#8230;<\/p>\n","protected":false},"author":1,"featured_media":0,"parent":0,"menu_order":0,"comment_status":"closed","ping_status":"closed","template":"","meta":{"footnotes":""},"class_list":["post-71","page","type-page","status-publish","hentry"],"_links":{"self":[{"href":"https:\/\/k-copy.cz\/index.php?rest_route=\/wp\/v2\/pages\/71","targetHints":{"allow":["GET"]}}],"collection":[{"href":"https:\/\/k-copy.cz\/index.php?rest_route=\/wp\/v2\/pages"}],"about":[{"href":"https:\/\/k-copy.cz\/index.php?rest_route=\/wp\/v2\/types\/page"}],"author":[{"embeddable":true,"href":"https:\/\/k-copy.cz\/index.php?rest_route=\/wp\/v2\/users\/1"}],"replies":[{"embeddable":true,"href":"https:\/\/k-copy.cz\/index.php?rest_route=%2Fwp%2Fv2%2Fcomments&post=71"}],"version-history":[{"count":9,"href":"https:\/\/k-copy.cz\/index.php?rest_route=\/wp\/v2\/pages\/71\/revisions"}],"predecessor-version":[{"id":602,"href":"https:\/\/k-copy.cz\/index.php?rest_route=\/wp\/v2\/pages\/71\/revisions\/602"}],"wp:attachment":[{"href":"https:\/\/k-copy.cz\/index.php?rest_route=%2Fwp%2Fv2%2Fmedia&parent=71"}],"curies":[{"name":"wp","href":"https:\/\/api.w.org\/{rel}","templated":true}]}}