{"id":73,"date":"2019-07-29T11:15:53","date_gmt":"2019-07-29T09:15:53","guid":{"rendered":"http:\/\/devel.k-copy.cz\/?page_id=73"},"modified":"2021-02-18T14:58:46","modified_gmt":"2021-02-18T13:58:46","slug":"velkoformatovy-barevny","status":"publish","type":"page","link":"https:\/\/k-copy.cz\/?page_id=73","title":{"rendered":"Velkoform\u00e1tov\u00fd barevn\u00fd"},"content":{"rendered":"\r\n<p style=\"text-align: justify;\">Tisk prov\u00e1d\u00edme na barevn\u00e9 inkoustov\u00e9 tisk\u00e1rn\u011b\u00a0<strong>Canon<\/strong>, kter\u00e1 umo\u017e\u0148uje fotorealistick\u00fd tisk ve velikosti do form\u00e1tu A0+ nebo jako nekone\u010dn\u00fd p\u00e1s stejn\u00e9ho form\u00e1tu. Fotorealistick\u00fdch barev se dosahuje d\u00edky pou\u017e\u00edvan\u00e9 \u0161estibarevn\u00e9 technologii. V\u00fdsledn\u00e9 tisky jsou vhodn\u00e9 pro interi\u00e9rov\u00e9 pou\u017eit\u00ed, p\u0159\u00edpadn\u011b je lze opat\u0159it laminac\u00ed.<\/p>\r\n\r\n\r\n\r\n<p style=\"text-align: justify;\">Jako m\u00e9dia lze pou\u017e\u00edt \u0161irok\u00fd v\u00fdb\u011br velkoform\u00e1tov\u00fdch pap\u00edr\u016f nebo f\u00f3li\u00ed, fotopap\u00edry, grafick\u00e9 a ra\u017een\u00e9 pap\u00edry a samolepic\u00ed m\u00e9dia v \u00faprav\u00e1ch lesk, satin, mat do gram\u00e1\u017ee 220 g\/m\u00b2.<\/p>\r\n<p>Pro tisk vy\u0161\u0161\u00edch n\u00e1klad\u016f pou\u017e\u00edv\u00e1me tak\u00e9 <strong>ofsetovou<\/strong> technologii.<\/p>\r\n\r\n\r\n\r\n\r\n\r\n\r\n\r\n<h3 class=\"wp-block-heading\">Cen\u00edkov\u00e1 m\u00e9dia:<\/h3>\r\n\r\n\r\n\r\n<ul class=\"wp-block-list\">\r\n<li>Standardn\u011b hlazen\u00fd inkjet pap\u00edr 90 g\/m\u00b2 &#8211; kvalita A<\/li>\r\n<\/ul>\r\n\r\n\r\n\r\n<h2 class=\"wp-block-heading\">Cen\u00edk &#8211; TISK | plnobarevn\u00fd &#8211; velkoform\u00e1tov\u00fd<\/h2>\r\n\r\n\r\n\r\n\n<table id=\"tablepress-5\" class=\"tablepress tablepress-id-5\">\n<thead>\n<tr class=\"row-1\">\n\t<th colspan=\"2\" class=\"column-1\">Form\u00e1t \/ Po\u010det tisk\u016f (kopi\u00ed)<\/th><th class=\"column-3\">1<\/th><th class=\"column-4\">2 - 3<\/th><th class=\"column-5\">4 - 5<\/th><th class=\"column-6\">6 - 9<\/th><th class=\"column-7\">10 - 19<\/th><th class=\"column-8\">20 a v\u00edce<\/th><th class=\"column-9\">fotopap\u00edr<\/th>\n<\/tr>\n<\/thead>\n<tbody class=\"row-striping row-hover\">\n<tr class=\"row-2\">\n\t<td class=\"column-1\">A2<\/td><td class=\"column-2\">\u010d\u00e1rov\u00e1 grafika<\/td><td class=\"column-3\">89,00 K\u010d<\/td><td class=\"column-4\">79,00 K\u010d<\/td><td class=\"column-5\">69,00 K\u010d<\/td><td class=\"column-6\">59,00 K\u010d<\/td><td class=\"column-7\">49,00 K\u010d<\/td><td class=\"column-8\">39,00 K\u010d<\/td><td class=\"column-9\"><\/td>\n<\/tr>\n<tr class=\"row-3\">\n\t<td class=\"column-1\">A1<\/td><td class=\"column-2\">\u010d\u00e1rov\u00e1 grafika<\/td><td class=\"column-3\">129,00 K\u010d<\/td><td class=\"column-4\">119,00 K\u010d<\/td><td class=\"column-5\">109,00 K\u010d<\/td><td class=\"column-6\">99,00 K\u010d<\/td><td class=\"column-7\">89,00 K\u010d<\/td><td class=\"column-8\">79,00 K\u010d<\/td><td class=\"column-9\"><\/td>\n<\/tr>\n<tr class=\"row-4\">\n\t<td class=\"column-1\">A0<\/td><td class=\"column-2\">\u010d\u00e1rov\u00e1 grafika<\/td><td class=\"column-3\">209,00 K\u010d<\/td><td class=\"column-4\">199,00 K\u010d<\/td><td class=\"column-5\">189,00 K\u010d<\/td><td class=\"column-6\">179,00 K\u010d<\/td><td class=\"column-7\">169,00 K\u010d<\/td><td class=\"column-8\">159,00 K\u010d<\/td><td class=\"column-9\"><\/td>\n<\/tr>\n<tr class=\"row-5\">\n\t<td class=\"column-1\">A2<\/td><td class=\"column-2\">pokryt\u00ed do 60%<\/td><td class=\"column-3\">157,00 K\u010d<\/td><td class=\"column-4\">145,00 K\u010d<\/td><td class=\"column-5\">133,00 K\u010d<\/td><td class=\"column-6\">127,00 K\u010d<\/td><td class=\"column-7\">121,00 K\u010d<\/td><td class=\"column-8\">108,00 K\u010d<\/td><td class=\"column-9\">+ 129,00 K\u010d<\/td>\n<\/tr>\n<tr class=\"row-6\">\n\t<td class=\"column-1\">A1<\/td><td class=\"column-2\">pokryt\u00ed do 60%<\/td><td class=\"column-3\">256,00 K\u010d<\/td><td class=\"column-4\">243,00 K\u010d<\/td><td class=\"column-5\">230,00 K\u010d<\/td><td class=\"column-6\">224,00 K\u010d<\/td><td class=\"column-7\">219,00 K\u010d<\/td><td class=\"column-8\">197,00 K\u010d<\/td><td class=\"column-9\">+ 259,00 K\u010d<\/td>\n<\/tr>\n<tr class=\"row-7\">\n\t<td class=\"column-1\">A0<\/td><td class=\"column-2\">pokryt\u00ed do 60%<\/td><td class=\"column-3\">436,00 K\u010d<\/td><td class=\"column-4\">423,00 K\u010d<\/td><td class=\"column-5\">410,00 K\u010d<\/td><td class=\"column-6\">404,00 K\u010d<\/td><td class=\"column-7\">399,00 K\u010d<\/td><td class=\"column-8\">359,00 K\u010d<\/td><td class=\"column-9\">+ 519,00 K\u010d<\/td>\n<\/tr>\n<tr class=\"row-8\">\n\t<td class=\"column-1\">A2<\/td><td class=\"column-2\">pokryt\u00ed nad 60%<\/td><td class=\"column-3\">229,00 K\u010d<\/td><td class=\"column-4\">219,00 K\u010d<\/td><td class=\"column-5\">209,00 K\u010d<\/td><td class=\"column-6\">204,00 K\u010d<\/td><td class=\"column-7\">199,00 K\u010d<\/td><td class=\"column-8\">179,00 K\u010d<\/td><td class=\"column-9\">+ 129,00 K\u010d<\/td>\n<\/tr>\n<tr class=\"row-9\">\n\t<td class=\"column-1\">A1<\/td><td class=\"column-2\">pokryt\u00ed nad 60%<\/td><td class=\"column-3\">373,00 K\u010d<\/td><td class=\"column-4\">361,00 K\u010d<\/td><td class=\"column-5\">349,00 K\u010d<\/td><td class=\"column-6\">344,00 K\u010d<\/td><td class=\"column-7\">339,00 K\u010d<\/td><td class=\"column-8\">305,00 K\u010d<\/td><td class=\"column-9\">+ 259,00 K\u010d<\/td>\n<\/tr>\n<tr class=\"row-10\">\n\t<td class=\"column-1\">A0<\/td><td class=\"column-2\">pokryt\u00ed nad 60%<\/td><td class=\"column-3\">640,00 K\u010d<\/td><td class=\"column-4\">626,00 K\u010d<\/td><td class=\"column-5\">612,00 K\u010d<\/td><td class=\"column-6\">605,00 K\u010d<\/td><td class=\"column-7\">599,00 K\u010d<\/td><td class=\"column-8\">539,00 K\u010d<\/td><td class=\"column-9\">+ 519,00 K\u010d<\/td>\n<\/tr>\n<\/tbody>\n<\/table>\n<!-- #tablepress-5 from cache -->\r\n\r\n\r\n\r\n\n<table id=\"tablepress-24\" class=\"tablepress tablepress-id-24 tbody-has-connected-cells\">\n<thead>\n<tr class=\"row-1\">\n\t<th colspan=\"2\" class=\"column-1\">Dopl\u0148kov\u00e9 ceny a p\u0159\u00edplatky<\/th><th colspan=\"2\" class=\"column-3\">ceny neobsahuj\u00ed DPH, sazba bude p\u0159ipo\u010dtena v z\u00e1konn\u00e9 v\u00fd\u0161i<\/th>\n<\/tr>\n<\/thead>\n<tbody class=\"row-striping row-hover\">\n<tr class=\"row-2\">\n\t<td class=\"column-1\">\u00faprava nastaven\u00ed velikosti (zoom)<\/td><td class=\"column-2\">3,00 K\u010d \/ nastaven\u00ed<\/td><td colspan=\"2\" class=\"column-3\">Ostatn\u00ed p\u0159\u00edplatky pro tisky:<\/td>\n<\/tr>\n<tr class=\"row-3\">\n\t<td class=\"column-1\">\u00faprava sytosti<\/td><td class=\"column-2\">cena kopie \/ po\u010det zku\u0161ebn\u00edch kopi\u00ed<\/td><td class=\"column-3\">tisk ze souboru*<\/td><td class=\"column-4\">18,00 K\u010d \/ otev\u0159en\u00fd soubor<\/td>\n<\/tr>\n<tr class=\"row-4\">\n\t<td class=\"column-1\">o\u0159ezy<\/td><td class=\"column-2\">4,00 K\u010d \/ \u0159ez<\/td><td class=\"column-3\">v\u00edce ne\u017e 10 soubor\u016f<\/td><td class=\"column-4\">10,00 K\u010d \/ soubor<\/td>\n<\/tr>\n<tr class=\"row-5\">\n\t<td class=\"column-1\">\"nekone\u010dn\u00e9 tisky\"<\/td><td class=\"column-2\">cena p\u0159epo\u010d\u00edt\u00e1na na dm\u00b2<\/td><td class=\"column-3\">n\u00e1vrh, sazba a edita\u010dn\u00ed pr\u00e1ce<\/td><td class=\"column-4\">12,00 K\u010d \/ minuta<\/td>\n<\/tr>\n<tr class=\"row-6\">\n\t<td class=\"column-1\">nestandardn\u00ed form\u00e1ty<\/td><td colspan=\"3\" class=\"column-2\">cena p\u0159epo\u010d\u00edt\u00e1na na dm\u00b2<\/td>\n<\/tr>\n<tr class=\"row-7\">\n\t<td class=\"column-1\">nestandardn\u00ed pap\u00edry<\/td><td class=\"column-2\">dle cen\u00edku materi\u00e1l\u016f<\/td><td colspan=\"2\" class=\"column-3\">Pozn\u00e1mky:<\/td>\n<\/tr>\n<tr class=\"row-8\">\n\t<td colspan=\"2\" class=\"column-1\">ke kopi\u00edm podl\u00e9haj\u00edc\u00edm poplatk\u016fm z autor. z\u00e1kona bude tento p\u0159ipo\u010dten<\/td><td colspan=\"2\" class=\"column-3\">* tiskneme ze v\u0161ech b\u011b\u017en\u00fdch typ\u016f soubor\u016f, form\u00e1ty sd\u011bl\u00edme na dotaz<\/td>\n<\/tr>\n<\/tbody>\n<\/table>\n<!-- #tablepress-24 from cache -->\r\n","protected":false},"excerpt":{"rendered":"<p>Tisk prov\u00e1d\u00edme na barevn\u00e9 inkoustov\u00e9 tisk\u00e1rn\u011b\u00a0Canon, kter\u00e1 umo\u017e\u0148uje fotorealistick\u00fd tisk ve velikosti do form\u00e1tu A0+ nebo jako nekone\u010dn\u00fd p\u00e1s stejn\u00e9ho form\u00e1tu. Fotorealistick\u00fdch barev se dosahuje d\u00edky pou\u017e\u00edvan\u00e9 \u0161estibarevn\u00e9 technologii. V\u00fdsledn\u00e9 tisky jsou vhodn\u00e9 pro interi\u00e9rov\u00e9 pou\u017eit\u00ed, p\u0159\u00edpadn\u011b je lze opat\u0159it&#8230;<\/p>\n","protected":false},"author":1,"featured_media":0,"parent":0,"menu_order":0,"comment_status":"closed","ping_status":"closed","template":"","meta":{"footnotes":""},"class_list":["post-73","page","type-page","status-publish","hentry"],"_links":{"self":[{"href":"https:\/\/k-copy.cz\/index.php?rest_route=\/wp\/v2\/pages\/73","targetHints":{"allow":["GET"]}}],"collection":[{"href":"https:\/\/k-copy.cz\/index.php?rest_route=\/wp\/v2\/pages"}],"about":[{"href":"https:\/\/k-copy.cz\/index.php?rest_route=\/wp\/v2\/types\/page"}],"author":[{"embeddable":true,"href":"https:\/\/k-copy.cz\/index.php?rest_route=\/wp\/v2\/users\/1"}],"replies":[{"embeddable":true,"href":"https:\/\/k-copy.cz\/index.php?rest_route=%2Fwp%2Fv2%2Fcomments&post=73"}],"version-history":[{"count":7,"href":"https:\/\/k-copy.cz\/index.php?rest_route=\/wp\/v2\/pages\/73\/revisions"}],"predecessor-version":[{"id":580,"href":"https:\/\/k-copy.cz\/index.php?rest_route=\/wp\/v2\/pages\/73\/revisions\/580"}],"wp:attachment":[{"href":"https:\/\/k-copy.cz\/index.php?rest_route=%2Fwp%2Fv2%2Fmedia&parent=73"}],"curies":[{"name":"wp","href":"https:\/\/api.w.org\/{rel}","templated":true}]}}