{"id":79,"date":"2019-07-29T11:16:35","date_gmt":"2019-07-29T09:16:35","guid":{"rendered":"http:\/\/devel.k-copy.cz\/?page_id=79"},"modified":"2021-02-18T15:03:17","modified_gmt":"2021-02-18T14:03:17","slug":"plastove-karty","status":"publish","type":"page","link":"https:\/\/k-copy.cz\/?page_id=79","title":{"rendered":"Plastov\u00e9 karty"},"content":{"rendered":"\r\n<p style=\"text-align: justify;\">Plastov\u00e9 karty pln\u011b nahrazuj\u00ed r\u016fzn\u00e9 typy laminovan\u00fdch pr\u016fkaz\u016f. Pou\u017e\u00edvaj\u00ed se jako karty slevov\u00e9, v\u011brnostn\u00ed, poji\u0161t\u011bneck\u00e9 nebo reklamn\u00ed. Standardn\u011b se pou\u017e\u00edvaj\u00ed karty \u201ebez inteligence\u201d (p\u0159\u00edpadn\u011b \u010dipov\u00e9 nebo s magnetick\u00fdm prou\u017ekem), kter\u00e9 lze potisknout 4\/4 a tyto personifikovat nebo vybavit \u010d\u00e1rov\u00fdm k\u00f3dem. Stroj na potisk plastov\u00fdch karet:\u00a0<strong>ZEBRA<\/strong>.<\/p>\r\n<p>Pro tisk vy\u0161\u0161\u00edch n\u00e1klad\u016f pou\u017e\u00edv\u00e1me tak\u00e9 <strong>pr\u016fmyslovou <\/strong>technologii.<\/p>\r\n\r\n\r\n\r\n<h2 class=\"wp-block-heading\">Cen\u00edk &#8211; TISK PLASTOV\u00ddCH KARET<\/h2>\r\n\r\n\r\n\r\n\n<table id=\"tablepress-7\" class=\"tablepress tablepress-id-7\">\n<thead>\n<tr class=\"row-1\">\n\t<th class=\"column-1\">Druh \/ Po\u010det kus\u016f<\/th><th class=\"column-2\">Karta standard*<\/th><th class=\"column-3\">1 - 9<\/th><th class=\"column-4\">10 - 24<\/th><th class=\"column-5\">25 - 49<\/th><th class=\"column-6\">50 - 99<\/th><th class=\"column-7\">100 a v\u00edce<\/th>\n<\/tr>\n<\/thead>\n<tbody class=\"row-striping row-hover\">\n<tr class=\"row-2\">\n\t<td class=\"column-1\">jednobarevn\u00fd \u010dern\u00fd tisk<\/td><td class=\"column-2\">9,50 K\u010d<\/td><td class=\"column-3\">25,00 K\u010d<\/td><td class=\"column-4\">24,00 K\u010d<\/td><td class=\"column-5\">23,00 K\u010d<\/td><td class=\"column-6\">21,50 K\u010d<\/td><td class=\"column-7\">20,00 K\u010d<\/td>\n<\/tr>\n<tr class=\"row-3\">\n\t<td class=\"column-1\">plno barevn\u00fd tisk<\/td><td class=\"column-2\">9,50 K\u010d<\/td><td class=\"column-3\">37,00 K\u010d<\/td><td class=\"column-4\">35,00 K\u010d<\/td><td class=\"column-5\">33,50 K\u010d<\/td><td class=\"column-6\">31,00 K\u010d<\/td><td class=\"column-7\">29,00 K\u010d<\/td>\n<\/tr>\n<\/tbody>\n<\/table>\n<!-- #tablepress-7 from cache -->\r\n\r\n\r\n\r\n\n<table id=\"tablepress-25\" class=\"tablepress tablepress-id-25 tbody-has-connected-cells\">\n<thead>\n<tr class=\"row-1\">\n\t<th colspan=\"2\" class=\"column-1\">Dopl\u0148kov\u00e9 ceny a p\u0159\u00edplatky<\/th><th colspan=\"2\" class=\"column-3\">ceny neobsahuj\u00ed DPH, sazba bude p\u0159ipo\u010dtena v z\u00e1konn\u00e9 v\u00fd\u0161i<\/th>\n<\/tr>\n<\/thead>\n<tbody class=\"row-striping row-hover\">\n<tr class=\"row-2\">\n\t<td class=\"column-1\">n\u00e1vrh, sazba a edita\u010dn\u00ed pr\u00e1ce<\/td><td colspan=\"3\" class=\"column-2\">12,00 K\u010d \/ minuta<\/td>\n<\/tr>\n<tr class=\"row-3\">\n\t<td class=\"column-1\">zlat\u00e1 karta<\/td><td class=\"column-2\">29,00 K\u010d<\/td><td colspan=\"2\" class=\"column-3\">Pozn\u00e1mky:<\/td>\n<\/tr>\n<tr class=\"row-4\">\n\t<td class=\"column-1\">st\u0159\u00edbrn\u00e1 karta<\/td><td class=\"column-2\">26,50 K\u010d<\/td><td colspan=\"2\" class=\"column-3\">*standardn\u00ed karta - b\u00edl\u00e1 0,76 mm<\/td>\n<\/tr>\n<tr class=\"row-5\">\n\t<td class=\"column-1\">\u010dipov\u00e9 karty s magnetick\u00fdmi p\u00e1skami<\/td><td class=\"column-2\">informace u obsluhy<\/td><td colspan=\"2\" class=\"column-3\">jednobarevn\u00e9 tisky se s\u010d\u00edtaj\u00ed<\/td>\n<\/tr>\n<tr class=\"row-6\">\n\t<td class=\"column-1\">jednobarevn\u00fd tisk b\u00edl\u00fd, modr\u00fd, \u010derven\u00fd<\/td><td class=\"column-2\">+15% z \u010dern\u00e9ho tisku<\/td><td colspan=\"2\" class=\"column-3\">u oboustrann\u00e9ho tisku se ceny tisku s\u010d\u00edtaj\u00ed<\/td>\n<\/tr>\n<\/tbody>\n<\/table>\n<!-- #tablepress-25 from cache -->\r\n","protected":false},"excerpt":{"rendered":"<p>Plastov\u00e9 karty pln\u011b nahrazuj\u00ed r\u016fzn\u00e9 typy laminovan\u00fdch pr\u016fkaz\u016f. Pou\u017e\u00edvaj\u00ed se jako karty slevov\u00e9, v\u011brnostn\u00ed, poji\u0161t\u011bneck\u00e9 nebo reklamn\u00ed. Standardn\u011b se pou\u017e\u00edvaj\u00ed karty \u201ebez inteligence\u201d (p\u0159\u00edpadn\u011b \u010dipov\u00e9 nebo s magnetick\u00fdm prou\u017ekem), kter\u00e9 lze potisknout 4\/4 a tyto personifikovat nebo vybavit \u010d\u00e1rov\u00fdm k\u00f3dem&#8230;.<\/p>\n","protected":false},"author":1,"featured_media":0,"parent":0,"menu_order":0,"comment_status":"closed","ping_status":"closed","template":"","meta":{"footnotes":""},"class_list":["post-79","page","type-page","status-publish","hentry"],"_links":{"self":[{"href":"https:\/\/k-copy.cz\/index.php?rest_route=\/wp\/v2\/pages\/79","targetHints":{"allow":["GET"]}}],"collection":[{"href":"https:\/\/k-copy.cz\/index.php?rest_route=\/wp\/v2\/pages"}],"about":[{"href":"https:\/\/k-copy.cz\/index.php?rest_route=\/wp\/v2\/types\/page"}],"author":[{"embeddable":true,"href":"https:\/\/k-copy.cz\/index.php?rest_route=\/wp\/v2\/users\/1"}],"replies":[{"embeddable":true,"href":"https:\/\/k-copy.cz\/index.php?rest_route=%2Fwp%2Fv2%2Fcomments&post=79"}],"version-history":[{"count":4,"href":"https:\/\/k-copy.cz\/index.php?rest_route=\/wp\/v2\/pages\/79\/revisions"}],"predecessor-version":[{"id":584,"href":"https:\/\/k-copy.cz\/index.php?rest_route=\/wp\/v2\/pages\/79\/revisions\/584"}],"wp:attachment":[{"href":"https:\/\/k-copy.cz\/index.php?rest_route=%2Fwp%2Fv2%2Fmedia&parent=79"}],"curies":[{"name":"wp","href":"https:\/\/api.w.org\/{rel}","templated":true}]}}