{"id":814,"date":"2021-08-27T09:56:36","date_gmt":"2021-08-27T07:56:36","guid":{"rendered":"https:\/\/k-copy.cz\/?page_id=814"},"modified":"2021-08-27T10:17:41","modified_gmt":"2021-08-27T08:17:41","slug":"e-shop","status":"publish","type":"page","link":"https:\/\/k-copy.cz\/?page_id=814","title":{"rendered":"E-SHOP"},"content":{"rendered":"<p style=\"text-align: center;\"><a href=\"https:\/\/k-copy.cz\/?page_id=464\">KONTAKTN\u00cd FORMUL\u00c1\u0158<\/a><\/p>\n<p>&nbsp;<\/p>\n<p style=\"text-align: center;\"><a href=\"https:\/\/drive.google.com\/file\/d\/1NShnL_UrxeIaQzrJe2ti9NBc9Tr5Hln1\/view?usp=sharing\">KANCEL\u00c1\u0158SK\u00c1 TECHNIKA<\/a><\/p>\n<p style=\"text-align: center;\"><a href=\"https:\/\/www.reklamni-predmety.name\/cz\/reklamni-predmety.html\">REKLAMN\u00cd P\u0158EDM\u011aTY<\/a><\/p>\n<p>&nbsp;<\/p>\n","protected":false},"excerpt":{"rendered":"<p>KONTAKTN\u00cd FORMUL\u00c1\u0158 &nbsp; KANCEL\u00c1\u0158SK\u00c1 TECHNIKA REKLAMN\u00cd P\u0158EDM\u011aTY &nbsp;<\/p>\n","protected":false},"author":1,"featured_media":0,"parent":0,"menu_order":0,"comment_status":"closed","ping_status":"closed","template":"","meta":{"footnotes":""},"class_list":["post-814","page","type-page","status-publish","hentry"],"_links":{"self":[{"href":"https:\/\/k-copy.cz\/index.php?rest_route=\/wp\/v2\/pages\/814","targetHints":{"allow":["GET"]}}],"collection":[{"href":"https:\/\/k-copy.cz\/index.php?rest_route=\/wp\/v2\/pages"}],"about":[{"href":"https:\/\/k-copy.cz\/index.php?rest_route=\/wp\/v2\/types\/page"}],"author":[{"embeddable":true,"href":"https:\/\/k-copy.cz\/index.php?rest_route=\/wp\/v2\/users\/1"}],"replies":[{"embeddable":true,"href":"https:\/\/k-copy.cz\/index.php?rest_route=%2Fwp%2Fv2%2Fcomments&post=814"}],"version-history":[{"count":4,"href":"https:\/\/k-copy.cz\/index.php?rest_route=\/wp\/v2\/pages\/814\/revisions"}],"predecessor-version":[{"id":821,"href":"https:\/\/k-copy.cz\/index.php?rest_route=\/wp\/v2\/pages\/814\/revisions\/821"}],"wp:attachment":[{"href":"https:\/\/k-copy.cz\/index.php?rest_route=%2Fwp%2Fv2%2Fmedia&parent=814"}],"curies":[{"name":"wp","href":"https:\/\/api.w.org\/{rel}","templated":true}]}}