{"id":89,"date":"2019-07-29T11:26:11","date_gmt":"2019-07-29T09:26:11","guid":{"rendered":"http:\/\/devel.k-copy.cz\/?page_id=89"},"modified":"2021-05-12T08:18:27","modified_gmt":"2021-05-12T06:18:27","slug":"razitka","status":"publish","type":"page","link":"https:\/\/k-copy.cz\/?page_id=89","title":{"rendered":"RAZ\u00cdTKA"},"content":{"rendered":"\r\n<h2 class=\"wp-block-heading\"><a href=\"https:\/\/k-copy.cz\/?page_id=95\">Raz\u00edtka BROTHER &#8222;na po\u010dk\u00e1n\u00ed&#8220;<\/a><\/h2>\r\n\r\n\r\n\r\n<p style=\"text-align: justify;\"><strong>Raz\u00edtka jsou vyr\u00e1b\u011bna<\/strong>\u00a0fotocestou\u00a0<strong>za mimo\u0159\u00e1dn\u011b kr\u00e1tkou dobu<\/strong> cca\u00a0<strong>5\u00a0minut<\/strong>, proto je na\u0161e copy centrum nab\u00edz\u00ed pro sv\u00e9 z\u00e1kazn\u00edky na po\u010dk\u00e1n\u00ed. Raz\u00edtka Brother umo\u017e\u0148uj\u00ed n\u00e1vrhy s\u00a0velmi mal\u00fdmi fonty (od velikosti 5 &#8211; 6), a d\u00edky tomu se i\u00a0velmi obs\u00e1hl\u00e9 \u00fadaje vejdou na raz\u00edtka mal\u00e9 velikosti. Raz\u00edtka mohou b\u00fdt v\u00a0\u010dern\u00e9, modr\u00e9 nebo \u010derven\u00e9 barv\u011b otisku.<\/p>\r\n\r\n\r\n\r\n<h2 class=\"wp-block-heading\"><a href=\"https:\/\/k-copy.cz\/?page_id=91\">Raz\u00edtka TRODAT<\/a><\/h2>\r\n\r\n\r\n\r\n<p style=\"text-align: justify;\">V na\u0161\u00ed nab\u00eddce jsou i raz\u00edtka zna\u010dky Trodat, v\u00fdroba gumov\u00fdch \u0161to\u010dk\u016f, prodej raz\u00edtkov\u00fdch podu\u0161ek, inkoust\u016f, datumov\u00fdch raz\u00edtek, raz\u00edtkov\u00fdch skl\u00e1da\u010dek a\u00a0podobn\u011b.<\/p>\r\n","protected":false},"excerpt":{"rendered":"<p>Raz\u00edtka BROTHER &#8222;na po\u010dk\u00e1n\u00ed&#8220; Raz\u00edtka jsou vyr\u00e1b\u011bna\u00a0fotocestou\u00a0za mimo\u0159\u00e1dn\u011b kr\u00e1tkou dobu cca\u00a05\u00a0minut, proto je na\u0161e copy centrum nab\u00edz\u00ed pro sv\u00e9 z\u00e1kazn\u00edky na po\u010dk\u00e1n\u00ed. Raz\u00edtka Brother umo\u017e\u0148uj\u00ed n\u00e1vrhy s\u00a0velmi mal\u00fdmi fonty (od velikosti 5 &#8211; 6), a d\u00edky tomu se i\u00a0velmi obs\u00e1hl\u00e9&#8230;<\/p>\n","protected":false},"author":1,"featured_media":0,"parent":0,"menu_order":0,"comment_status":"closed","ping_status":"closed","template":"","meta":{"footnotes":""},"class_list":["post-89","page","type-page","status-publish","hentry"],"_links":{"self":[{"href":"https:\/\/k-copy.cz\/index.php?rest_route=\/wp\/v2\/pages\/89","targetHints":{"allow":["GET"]}}],"collection":[{"href":"https:\/\/k-copy.cz\/index.php?rest_route=\/wp\/v2\/pages"}],"about":[{"href":"https:\/\/k-copy.cz\/index.php?rest_route=\/wp\/v2\/types\/page"}],"author":[{"embeddable":true,"href":"https:\/\/k-copy.cz\/index.php?rest_route=\/wp\/v2\/users\/1"}],"replies":[{"embeddable":true,"href":"https:\/\/k-copy.cz\/index.php?rest_route=%2Fwp%2Fv2%2Fcomments&post=89"}],"version-history":[{"count":6,"href":"https:\/\/k-copy.cz\/index.php?rest_route=\/wp\/v2\/pages\/89\/revisions"}],"predecessor-version":[{"id":718,"href":"https:\/\/k-copy.cz\/index.php?rest_route=\/wp\/v2\/pages\/89\/revisions\/718"}],"wp:attachment":[{"href":"https:\/\/k-copy.cz\/index.php?rest_route=%2Fwp%2Fv2%2Fmedia&parent=89"}],"curies":[{"name":"wp","href":"https:\/\/api.w.org\/{rel}","templated":true}]}}