{"id":91,"date":"2019-07-29T11:26:28","date_gmt":"2019-07-29T09:26:28","guid":{"rendered":"http:\/\/devel.k-copy.cz\/?page_id=91"},"modified":"2026-02-03T15:03:03","modified_gmt":"2026-02-03T14:03:03","slug":"razitka-trodat","status":"publish","type":"page","link":"https:\/\/k-copy.cz\/?page_id=91","title":{"rendered":"Raz\u00edtka Trodat"},"content":{"rendered":"\r\n<p style=\"text-align: justify;\">Pln\u00fd sortiment automatick\u00fdch samo nam\u00e1\u010dec\u00edch raz\u00edtek a p\u0159\u00edslu\u0161enstv\u00ed od firmy <strong>TRODAT<\/strong>. \u0160to\u010dky do raz\u00edtek TRODAT vyr\u00e1b\u00edme do 5 pracovn\u00edch dn\u016f. Raz\u00edtka TRODAT lze vyrobit ve velk\u00e9m mno\u017estv\u00ed rozm\u011br\u016f a velikost\u00ed od kapesn\u00edho proveden\u00ed a\u017e po velk\u00e1 raz\u00edtka, barevn\u00fdch kombinac\u00ed a tvar\u016f, v\u010detn\u011b datumov\u00fdch raz\u00edtek a podobn\u011b.<\/p>\r\n<figure id=\"attachment_2303\" aria-describedby=\"caption-attachment-2303\" style=\"width: 212px\" class=\"wp-caption alignleft\"><a href=\"https:\/\/k-copy.cz\/wp-content\/uploads\/2025\/01\/CENIK_2025.pdf\" target=\"_blank\" rel=\"noopener\"><img loading=\"lazy\" decoding=\"async\" class=\"wp-image-2303 size-medium\" src=\"https:\/\/k-copy.cz\/wp-content\/uploads\/2025\/01\/CENIK_2025-212x300.png\" alt=\"\" width=\"212\" height=\"300\" srcset=\"https:\/\/k-copy.cz\/wp-content\/uploads\/2025\/01\/CENIK_2025-212x300.png 212w, https:\/\/k-copy.cz\/wp-content\/uploads\/2025\/01\/CENIK_2025-724x1024.png 724w, https:\/\/k-copy.cz\/wp-content\/uploads\/2025\/01\/CENIK_2025-768x1086.png 768w, https:\/\/k-copy.cz\/wp-content\/uploads\/2025\/01\/CENIK_2025-1086x1536.png 1086w, https:\/\/k-copy.cz\/wp-content\/uploads\/2025\/01\/CENIK_2025.png 1240w\" sizes=\"auto, (max-width: 212px) 100vw, 212px\" \/><\/a><figcaption id=\"caption-attachment-2303\" class=\"wp-caption-text\">DOPORU\u010cEN\u00c9 CENY<\/figcaption><\/figure>\r\n<figure id=\"attachment_2305\" aria-describedby=\"caption-attachment-2305\" style=\"width: 212px\" class=\"wp-caption alignright\"><a href=\"https:\/\/k-copy.cz\/wp-content\/uploads\/2025\/01\/KATALOG_2025.pdf\" target=\"_blank\" rel=\"noopener\"><img loading=\"lazy\" decoding=\"async\" class=\"wp-image-2305 size-medium\" src=\"https:\/\/k-copy.cz\/wp-content\/uploads\/2025\/01\/KATALOG_2025-212x300.png\" alt=\"\" width=\"212\" height=\"300\" srcset=\"https:\/\/k-copy.cz\/wp-content\/uploads\/2025\/01\/KATALOG_2025-212x300.png 212w, https:\/\/k-copy.cz\/wp-content\/uploads\/2025\/01\/KATALOG_2025-724x1024.png 724w, https:\/\/k-copy.cz\/wp-content\/uploads\/2025\/01\/KATALOG_2025-768x1086.png 768w, https:\/\/k-copy.cz\/wp-content\/uploads\/2025\/01\/KATALOG_2025-1086x1536.png 1086w, https:\/\/k-copy.cz\/wp-content\/uploads\/2025\/01\/KATALOG_2025.png 1240w\" sizes=\"auto, (max-width: 212px) 100vw, 212px\" \/><\/a><figcaption id=\"caption-attachment-2305\" class=\"wp-caption-text\">KATALOG RAZ\u00cdTEK<\/figcaption><\/figure>\r\n<p>&nbsp;<\/p>\r\n<p>&nbsp;<\/p>\r\n<p>&nbsp;<\/p>\r\n<p>&nbsp;<\/p>\r\n<p>&nbsp;<\/p>\r\n<p>&nbsp;<\/p>\r\n<p>&nbsp;<\/p>\r\n<p>&nbsp;<\/p>\r\n<p>&nbsp;<\/p>\r\n","protected":false},"excerpt":{"rendered":"<p>Pln\u00fd sortiment automatick\u00fdch samo nam\u00e1\u010dec\u00edch raz\u00edtek a p\u0159\u00edslu\u0161enstv\u00ed od firmy TRODAT. \u0160to\u010dky do raz\u00edtek TRODAT vyr\u00e1b\u00edme do 5 pracovn\u00edch dn\u016f. Raz\u00edtka TRODAT lze vyrobit ve velk\u00e9m mno\u017estv\u00ed rozm\u011br\u016f a velikost\u00ed od kapesn\u00edho proveden\u00ed a\u017e po velk\u00e1 raz\u00edtka, barevn\u00fdch kombinac\u00ed a&#8230;<\/p>\n","protected":false},"author":1,"featured_media":0,"parent":0,"menu_order":0,"comment_status":"closed","ping_status":"closed","template":"","meta":{"footnotes":""},"class_list":["post-91","page","type-page","status-publish","hentry"],"_links":{"self":[{"href":"https:\/\/k-copy.cz\/index.php?rest_route=\/wp\/v2\/pages\/91","targetHints":{"allow":["GET"]}}],"collection":[{"href":"https:\/\/k-copy.cz\/index.php?rest_route=\/wp\/v2\/pages"}],"about":[{"href":"https:\/\/k-copy.cz\/index.php?rest_route=\/wp\/v2\/types\/page"}],"author":[{"embeddable":true,"href":"https:\/\/k-copy.cz\/index.php?rest_route=\/wp\/v2\/users\/1"}],"replies":[{"embeddable":true,"href":"https:\/\/k-copy.cz\/index.php?rest_route=%2Fwp%2Fv2%2Fcomments&post=91"}],"version-history":[{"count":26,"href":"https:\/\/k-copy.cz\/index.php?rest_route=\/wp\/v2\/pages\/91\/revisions"}],"predecessor-version":[{"id":2364,"href":"https:\/\/k-copy.cz\/index.php?rest_route=\/wp\/v2\/pages\/91\/revisions\/2364"}],"wp:attachment":[{"href":"https:\/\/k-copy.cz\/index.php?rest_route=%2Fwp%2Fv2%2Fmedia&parent=91"}],"curies":[{"name":"wp","href":"https:\/\/api.w.org\/{rel}","templated":true}]}}