{"id":95,"date":"2019-07-29T11:27:06","date_gmt":"2019-07-29T09:27:06","guid":{"rendered":"http:\/\/devel.k-copy.cz\/?page_id=95"},"modified":"2021-05-12T08:19:30","modified_gmt":"2021-05-12T06:19:30","slug":"razitka-brother","status":"publish","type":"page","link":"https:\/\/k-copy.cz\/?page_id=95","title":{"rendered":"Raz\u00edtka Brother"},"content":{"rendered":"\r\n<p style=\"text-align: justify;\">Raz\u00edtka BROTHER jsou vyr\u00e1b\u011bna fotocestou za mimo\u0159\u00e1dn\u011b kr\u00e1tkou dobu cca 5 minut, proto je vyr\u00e1b\u00edme &#8222;na po\u010dk\u00e1n\u00ed&#8220;. Raz\u00edtka BROTHER vyr\u00e1b\u011bn\u00e1 na stroji\u00a0<strong>Stamp Creator PRO SC\u20132000<\/strong> umo\u017e\u0148uj\u00ed n\u00e1vrhy s velmi mal\u00fdmi fonty (od velikosti 5), a proto se i obs\u00e1hl\u00e9 \u00fadaje vejdou na raz\u00edtka mal\u00e9 velikosti. Raz\u00edtka mohou b\u00fdt v \u010dern\u00e9, modr\u00e9 nebo \u010derven\u00e9 barv\u011b otisku.<\/p>\r\n\r\n\r\n\r\n<h2 class=\"wp-block-heading\">Cen\u00edk &#8211; RAZ\u00cdTKA | BROTHER &#8222;na po\u010dk\u00e1n\u00ed&#8220;<\/h2>\r\n\r\n\r\n\r\n\n<table id=\"tablepress-8\" class=\"tablepress tablepress-id-8\">\n<thead>\n<tr class=\"row-1\">\n\t<th class=\"column-1\">Rozm\u011br \/ Po\u010det ks<\/th><th class=\"column-2\">1 - 4<\/th><th class=\"column-3\">5 a v\u00edce<\/th><th class=\"column-4\">Rozm\u011br \/ Po\u010det ks<\/th><th class=\"column-5\">1 - 4<\/th><th class=\"column-6\">5 a v\u00edce<\/th>\n<\/tr>\n<\/thead>\n<tbody class=\"row-striping row-hover\">\n<tr class=\"row-2\">\n\t<td class=\"column-1\">osvit - v\u00fdroba \u0161to\u010dku<\/td><td class=\"column-2\">+ 75,00 K\u010d<\/td><td class=\"column-3\">+ 35,00 K\u010d<\/td><td class=\"column-4\">BROTHER 34 x 58 mm<\/td><td class=\"column-5\">649,00 K\u010d<\/td><td class=\"column-6\">599,00 K\u010d<\/td>\n<\/tr>\n<tr class=\"row-3\">\n\t<td class=\"column-1\">BROTHER 10 x 60 mm<\/td><td class=\"column-2\">439,00 K\u010d<\/td><td class=\"column-3\">409,00 K\u010d<\/td><td class=\"column-4\">BROTHER 40 x 90 mm<\/td><td class=\"column-5\">939,00 K\u010d<\/td><td class=\"column-6\">859,00 K\u010d<\/td>\n<\/tr>\n<tr class=\"row-4\">\n\t<td class=\"column-1\">BROTHER 14 x 38 mm<\/td><td class=\"column-2\">439,00 K\u010d<\/td><td class=\"column-3\">409,00 K\u010d<\/td><td class=\"column-4\">BROTHER 12 x 12 mm i jako kulat\u00e1<\/td><td class=\"column-5\">319,00 K\u010d<\/td><td class=\"column-6\">289,00 K\u010d<\/td>\n<\/tr>\n<tr class=\"row-5\">\n\t<td class=\"column-1\">BROTHER 18 x 50 mm<\/td><td class=\"column-2\">509,00 K\u010d<\/td><td class=\"column-3\">469,00 K\u010d<\/td><td class=\"column-4\">BROTHER 20 x 20 mm i jako kulat\u00e1<\/td><td class=\"column-5\">369,00 K\u010d<\/td><td class=\"column-6\">339,00 K\u010d<\/td>\n<\/tr>\n<tr class=\"row-6\">\n\t<td class=\"column-1\">BROTHER 22 x 60 mm<\/td><td class=\"column-2\">569,00 K\u010d<\/td><td class=\"column-3\">519,00 K\u010d<\/td><td class=\"column-4\">BROTHER 30 x 30 mm i jako kulat\u00e1<\/td><td class=\"column-5\">419,00 K\u010d<\/td><td class=\"column-6\">389,00 K\u010d<\/td>\n<\/tr>\n<tr class=\"row-7\">\n\t<td class=\"column-1\">BROTHER 27 x 70 mm<\/td><td class=\"column-2\">649,00 K\u010d<\/td><td class=\"column-3\">599,00 K\u010d<\/td><td class=\"column-4\">BROTHER 40 x 40 mm i jako kulat\u00e1<\/td><td class=\"column-5\">509,00 K\u010d<\/td><td class=\"column-6\">469,00 K\u010d<\/td>\n<\/tr>\n<\/tbody>\n<\/table>\n<!-- #tablepress-8 from cache -->\r\n\r\n\r\n\r\n\n<table id=\"tablepress-26\" class=\"tablepress tablepress-id-26 tbody-has-connected-cells\">\n<thead>\n<tr class=\"row-1\">\n\t<th colspan=\"2\" class=\"column-1\">Dopl\u0148kov\u00e9 ceny a p\u0159\u00edplatky<\/th><th colspan=\"2\" class=\"column-3\">ceny neobsahuj\u00ed DPH, sazba bude p\u0159ipo\u010dtena v z\u00e1konn\u00e9 v\u00fd\u0161i<\/th>\n<\/tr>\n<\/thead>\n<tbody class=\"row-striping row-hover\">\n<tr class=\"row-2\">\n\t<td class=\"column-1\">V\u00fdroba na po\u010dk\u00e1n\u00ed<\/td><td class=\"column-2\">50,00 K\u010d<\/td><td colspan=\"2\" class=\"column-3\">Pozn\u00e1mky:<\/td>\n<\/tr>\n<tr class=\"row-3\">\n\t<td class=\"column-1\">n\u00e1vrh, sazba, edita\u010dn\u00ed pr\u00e1ce<\/td><td class=\"column-2\">12,00 K\u010d \/ minuta<\/td><td colspan=\"2\" class=\"column-3\">TRODAT - kompletn\u00ed sortiment v samostatn\u00e9m cen\u00edku<\/td>\n<\/tr>\n<\/tbody>\n<\/table>\n<!-- #tablepress-26 from cache -->\r\n","protected":false},"excerpt":{"rendered":"<p>Raz\u00edtka BROTHER jsou vyr\u00e1b\u011bna fotocestou za mimo\u0159\u00e1dn\u011b kr\u00e1tkou dobu cca 5 minut, proto je vyr\u00e1b\u00edme &#8222;na po\u010dk\u00e1n\u00ed&#8220;. Raz\u00edtka BROTHER vyr\u00e1b\u011bn\u00e1 na stroji\u00a0Stamp Creator PRO SC\u20132000 umo\u017e\u0148uj\u00ed n\u00e1vrhy s velmi mal\u00fdmi fonty (od velikosti 5), a proto se i obs\u00e1hl\u00e9 \u00fadaje&#8230;<\/p>\n","protected":false},"author":1,"featured_media":0,"parent":0,"menu_order":0,"comment_status":"closed","ping_status":"closed","template":"","meta":{"footnotes":""},"class_list":["post-95","page","type-page","status-publish","hentry"],"_links":{"self":[{"href":"https:\/\/k-copy.cz\/index.php?rest_route=\/wp\/v2\/pages\/95","targetHints":{"allow":["GET"]}}],"collection":[{"href":"https:\/\/k-copy.cz\/index.php?rest_route=\/wp\/v2\/pages"}],"about":[{"href":"https:\/\/k-copy.cz\/index.php?rest_route=\/wp\/v2\/types\/page"}],"author":[{"embeddable":true,"href":"https:\/\/k-copy.cz\/index.php?rest_route=\/wp\/v2\/users\/1"}],"replies":[{"embeddable":true,"href":"https:\/\/k-copy.cz\/index.php?rest_route=%2Fwp%2Fv2%2Fcomments&post=95"}],"version-history":[{"count":6,"href":"https:\/\/k-copy.cz\/index.php?rest_route=\/wp\/v2\/pages\/95\/revisions"}],"predecessor-version":[{"id":719,"href":"https:\/\/k-copy.cz\/index.php?rest_route=\/wp\/v2\/pages\/95\/revisions\/719"}],"wp:attachment":[{"href":"https:\/\/k-copy.cz\/index.php?rest_route=%2Fwp%2Fv2%2Fmedia&parent=95"}],"curies":[{"name":"wp","href":"https:\/\/api.w.org\/{rel}","templated":true}]}}