{"id":97,"date":"2019-07-29T11:27:22","date_gmt":"2019-07-29T09:27:22","guid":{"rendered":"http:\/\/devel.k-copy.cz\/?page_id=97"},"modified":"2021-05-12T08:26:06","modified_gmt":"2021-05-12T06:26:06","slug":"vizitky","status":"publish","type":"page","link":"https:\/\/k-copy.cz\/?page_id=97","title":{"rendered":"VIZITKY"},"content":{"rendered":"\r\n<p style=\"text-align: justify;\">V\u00fdrobu vizitek prov\u00e1d\u00edme ji\u017e od mal\u00fdch n\u00e1klad\u016f v setech po 10\u00a0vizitk\u00e1ch s mo\u017enost\u00ed oboustrann\u00e9ho potisku. Z\u00e1kladn\u00ed pou\u017e\u00edvan\u00fd materi\u00e1l je b\u00edl\u00fd nat\u00edran\u00fd karton 300 g\/m\u00b2, co\u017e je z\u00e1rove\u0148 maxim\u00e1ln\u00ed pou\u017eiteln\u00e1 gram\u00e1\u017e. D\u00e1le je mo\u017en\u00e9 pou\u017e\u00edvat celou \u0161k\u00e1lu grafick\u00fdch, barevn\u00fdch nebo ra\u017een\u00fdch polokarton\u016f. Tisk prov\u00e1d\u00edme p\u0159ev\u00e1\u017en\u011b na plno barevn\u00fdch tisk\u00e1rn\u00e1ch CANON\u00a0CLC\u00a01180. Vizitky dod\u00e1v\u00e1me baleny ve vizitkov\u00fdch krabi\u010dk\u00e1ch.<\/p>\r\n\r\n\r\n\r\n<h2 class=\"wp-block-heading\">Cen\u00edk &#8211; VIZITKY<\/h2>\r\n\r\n\r\n\r\n\n<table id=\"tablepress-9\" class=\"tablepress tablepress-id-9\">\n<thead>\n<tr class=\"row-1\">\n\t<th class=\"column-1\">Druh \/ Po\u010det ks<\/th><th class=\"column-2\">do 59<\/th><th class=\"column-3\">60 - 129<\/th><th class=\"column-4\">130 - 189<\/th><th class=\"column-5\">190 - 299<\/th><th class=\"column-6\">300 - 499<\/th><th class=\"column-7\">500 a v\u00edce<\/th>\n<\/tr>\n<\/thead>\n<tbody class=\"row-striping row-hover\">\n<tr class=\"row-2\">\n\t<td class=\"column-1\">\u010dern\u00fd tisk<\/td><td class=\"column-2\">174,00 K\u010d<\/td><td class=\"column-3\">2,90 K\u010d \/ ks<\/td><td class=\"column-4\">2,80 K\u010d \/ ks<\/td><td class=\"column-5\">2,70 K\u010d \/ ks<\/td><td class=\"column-6\">2,55 K\u010d \/ ks<\/td><td class=\"column-7\">2,40 K\u010d \/ ks<\/td>\n<\/tr>\n<tr class=\"row-3\">\n\t<td class=\"column-1\">v\u00edcebarevn\u00fd tisk (do 50% pokryt\u00ed)<\/td><td class=\"column-2\">210,00 K\u010d<\/td><td class=\"column-3\">3,50 K\u010d \/ ks<\/td><td class=\"column-4\">3,40 K\u010d \/ ks<\/td><td class=\"column-5\">3,30 K\u010d \/ ks<\/td><td class=\"column-6\">3,15 K\u010d \/ ks<\/td><td class=\"column-7\">3,00 K\u010d \/ ks<\/td>\n<\/tr>\n<tr class=\"row-4\">\n\t<td class=\"column-1\">plno barevn\u00fd tisk (nad 50% pokryt\u00ed)<\/td><td class=\"column-2\">240,00 K\u010d<\/td><td class=\"column-3\">4,00 K\u010d \/ ks<\/td><td class=\"column-4\">3,90 K\u010d \/ ks<\/td><td class=\"column-5\">3,80 K\u010d \/ ks<\/td><td class=\"column-6\">3,65 K\u010d \/ ks<\/td><td class=\"column-7\">3,50 K\u010d \/ ks<\/td>\n<\/tr>\n<\/tbody>\n<\/table>\n<!-- #tablepress-9 from cache -->\r\n\r\n\r\n\r\n\n<table id=\"tablepress-27\" class=\"tablepress tablepress-id-27 tbody-has-connected-cells\">\n<thead>\n<tr class=\"row-1\">\n\t<th colspan=\"2\" class=\"column-1\">Dopl\u0148kov\u00e9 ceny a p\u0159\u00edplatky<\/th><th colspan=\"2\" class=\"column-3\">ceny neobsahuj\u00ed DPH, sazba bude p\u0159ipo\u010dtena v z\u00e1konn\u00e9 v\u00fd\u0161i<\/th>\n<\/tr>\n<\/thead>\n<tbody class=\"row-striping row-hover\">\n<tr class=\"row-2\">\n\t<td class=\"column-1\">v\u00fdroba na po\u010dk\u00e1n\u00ed<\/td><td class=\"column-2\">100,00 K\u010d<\/td><td class=\"column-3\">laminov\u00e1n\u00ed, zlacen\u00ed<\/td><td class=\"column-4\">dle cen\u00edku dopl\u0148kov\u00fdch prac\u00ed<\/td>\n<\/tr>\n<tr class=\"row-3\">\n\t<td class=\"column-1\">n\u00e1vrh, sazba, edita\u010dn\u00ed pr\u00e1ce<\/td><td class=\"column-2\">12,00 K\u010d \/ minuta<\/td><td colspan=\"2\" class=\"column-3\">zaoblen\u00ed roh\u016f apod.<\/td>\n<\/tr>\n<tr class=\"row-4\">\n\t<td class=\"column-1\">vizitky do spadu<\/td><td class=\"column-2\">+ 15%<\/td><td class=\"column-3\">speci\u00e1ln\u00ed pap\u00edry<\/td><td class=\"column-4\">ceny a vzorn\u00edk u obsluhy<\/td>\n<\/tr>\n<tr class=\"row-5\">\n\t<td class=\"column-1\">EURO form\u00e1t (85 x 55 mm)<\/td><td colspan=\"3\" class=\"column-2\">+ 15%<\/td>\n<\/tr>\n<\/tbody>\n<\/table>\n<!-- #tablepress-27 from cache -->\r\n","protected":false},"excerpt":{"rendered":"<p>V\u00fdrobu vizitek prov\u00e1d\u00edme ji\u017e od mal\u00fdch n\u00e1klad\u016f v setech po 10\u00a0vizitk\u00e1ch s mo\u017enost\u00ed oboustrann\u00e9ho potisku. Z\u00e1kladn\u00ed pou\u017e\u00edvan\u00fd materi\u00e1l je b\u00edl\u00fd nat\u00edran\u00fd karton 300 g\/m\u00b2, co\u017e je z\u00e1rove\u0148 maxim\u00e1ln\u00ed pou\u017eiteln\u00e1 gram\u00e1\u017e. D\u00e1le je mo\u017en\u00e9 pou\u017e\u00edvat celou \u0161k\u00e1lu grafick\u00fdch, barevn\u00fdch nebo ra\u017een\u00fdch&#8230;<\/p>\n","protected":false},"author":1,"featured_media":0,"parent":0,"menu_order":0,"comment_status":"closed","ping_status":"closed","template":"","meta":{"footnotes":""},"class_list":["post-97","page","type-page","status-publish","hentry"],"_links":{"self":[{"href":"https:\/\/k-copy.cz\/index.php?rest_route=\/wp\/v2\/pages\/97","targetHints":{"allow":["GET"]}}],"collection":[{"href":"https:\/\/k-copy.cz\/index.php?rest_route=\/wp\/v2\/pages"}],"about":[{"href":"https:\/\/k-copy.cz\/index.php?rest_route=\/wp\/v2\/types\/page"}],"author":[{"embeddable":true,"href":"https:\/\/k-copy.cz\/index.php?rest_route=\/wp\/v2\/users\/1"}],"replies":[{"embeddable":true,"href":"https:\/\/k-copy.cz\/index.php?rest_route=%2Fwp%2Fv2%2Fcomments&post=97"}],"version-history":[{"count":8,"href":"https:\/\/k-copy.cz\/index.php?rest_route=\/wp\/v2\/pages\/97\/revisions"}],"predecessor-version":[{"id":2269,"href":"https:\/\/k-copy.cz\/index.php?rest_route=\/wp\/v2\/pages\/97\/revisions\/2269"}],"wp:attachment":[{"href":"https:\/\/k-copy.cz\/index.php?rest_route=%2Fwp%2Fv2%2Fmedia&parent=97"}],"curies":[{"name":"wp","href":"https:\/\/api.w.org\/{rel}","templated":true}]}}